{"id":937,"date":"2025-08-27T17:17:39","date_gmt":"2025-08-27T15:17:39","guid":{"rendered":"https:\/\/arc-bagnolet-belleville.fr\/?page_id=937"},"modified":"2025-08-27T17:25:22","modified_gmt":"2025-08-27T15:25:22","slug":"videos","status":"publish","type":"page","link":"https:\/\/arc-bagnolet-belleville.fr\/index.php\/la-compagnie\/videos\/","title":{"rendered":"Vid\u00e9os"},"content":{"rendered":"\n<p><strong>Eric a mis sur sa cha\u00eene Youtube, ERIC DAZIN Youtube, plusieurs films qu\u2019il a r\u00e9alis\u00e9s<\/strong> :<\/p>\n\n\n\n<div class=\"wp-block-media-text is-stacked-on-mobile\" style=\"grid-template-columns:24% auto\"><figure class=\"wp-block-media-text__media\"><img loading=\"lazy\" decoding=\"async\" width=\"886\" height=\"668\" src=\"https:\/\/arc-bagnolet-belleville.fr\/wp-content\/uploads\/2025\/08\/ExtraitFilmCompagnie-de-Bagnolet.jpg\" alt=\"\" class=\"wp-image-941 size-full\" srcset=\"https:\/\/arc-bagnolet-belleville.fr\/wp-content\/uploads\/2025\/08\/ExtraitFilmCompagnie-de-Bagnolet.jpg 886w, https:\/\/arc-bagnolet-belleville.fr\/wp-content\/uploads\/2025\/08\/ExtraitFilmCompagnie-de-Bagnolet-300x226.jpg 300w, https:\/\/arc-bagnolet-belleville.fr\/wp-content\/uploads\/2025\/08\/ExtraitFilmCompagnie-de-Bagnolet-768x579.jpg 768w\" sizes=\"auto, (max-width: 886px) 100vw, 886px\" \/><\/figure><div class=\"wp-block-media-text__content\">\n<p><a href=\"https:\/\/www.youtube.com\/watch?v=eLYmLCEAQjo\">Compagnie de Bagnolet, r\u00e9alis\u00e9 par des stagiaires de l\u2019INA avec un remontage d\u2019Eric<\/a><\/p>\n<\/div><\/div>\n\n\n\n<div class=\"wp-block-media-text is-stacked-on-mobile\" style=\"grid-template-columns:25% auto\"><figure class=\"wp-block-media-text__media\"><img loading=\"lazy\" decoding=\"async\" width=\"886\" height=\"668\" src=\"https:\/\/arc-bagnolet-belleville.fr\/wp-content\/uploads\/2025\/08\/ExtraitFilmBouquetGisors.jpg\" alt=\"\" class=\"wp-image-940 size-full\" srcset=\"https:\/\/arc-bagnolet-belleville.fr\/wp-content\/uploads\/2025\/08\/ExtraitFilmBouquetGisors.jpg 886w, https:\/\/arc-bagnolet-belleville.fr\/wp-content\/uploads\/2025\/08\/ExtraitFilmBouquetGisors-300x226.jpg 300w, https:\/\/arc-bagnolet-belleville.fr\/wp-content\/uploads\/2025\/08\/ExtraitFilmBouquetGisors-768x579.jpg 768w\" sizes=\"auto, (max-width: 886px) 100vw, 886px\" \/><\/figure><div class=\"wp-block-media-text__content\">\n<p><a href=\"https:\/\/www.youtube.com\/watch?v=s8X7rAmOf9c\">Bouquet Gisors<\/a><\/p>\n<\/div><\/div>\n\n\n\n<div class=\"wp-block-media-text is-stacked-on-mobile\" style=\"grid-template-columns:25% auto\"><figure class=\"wp-block-media-text__media\"><img loading=\"lazy\" decoding=\"async\" width=\"886\" height=\"668\" src=\"https:\/\/arc-bagnolet-belleville.fr\/wp-content\/uploads\/2025\/08\/ExtraitFilmRoy-de-France.jpg\" alt=\"\" class=\"wp-image-939 size-full\" srcset=\"https:\/\/arc-bagnolet-belleville.fr\/wp-content\/uploads\/2025\/08\/ExtraitFilmRoy-de-France.jpg 886w, https:\/\/arc-bagnolet-belleville.fr\/wp-content\/uploads\/2025\/08\/ExtraitFilmRoy-de-France-300x226.jpg 300w, https:\/\/arc-bagnolet-belleville.fr\/wp-content\/uploads\/2025\/08\/ExtraitFilmRoy-de-France-768x579.jpg 768w\" sizes=\"auto, (max-width: 886px) 100vw, 886px\" \/><\/figure><div class=\"wp-block-media-text__content\">\n<p><a href=\"https:\/\/www.youtube.com\/watch?v=b_sKNS3CuKw&amp;t=12s\">Roy de France<\/a><\/p>\n<\/div><\/div>\n\n\n\n<div class=\"wp-block-media-text is-stacked-on-mobile\" style=\"grid-template-columns:26% auto\"><figure class=\"wp-block-media-text__media\"><img loading=\"lazy\" decoding=\"async\" width=\"886\" height=\"668\" src=\"https:\/\/arc-bagnolet-belleville.fr\/wp-content\/uploads\/2025\/08\/ExtraitFilmLa-legendaire.jpg\" alt=\"\" class=\"wp-image-938 size-full\" srcset=\"https:\/\/arc-bagnolet-belleville.fr\/wp-content\/uploads\/2025\/08\/ExtraitFilmLa-legendaire.jpg 886w, https:\/\/arc-bagnolet-belleville.fr\/wp-content\/uploads\/2025\/08\/ExtraitFilmLa-legendaire-300x226.jpg 300w, https:\/\/arc-bagnolet-belleville.fr\/wp-content\/uploads\/2025\/08\/ExtraitFilmLa-legendaire-768x579.jpg 768w\" sizes=\"auto, (max-width: 886px) 100vw, 886px\" \/><\/figure><div class=\"wp-block-media-text__content\">\n<p><a href=\"https:\/\/www.youtube.com\/watch?v=RlntLIzEY7Q\">La l\u00e9gendaire<\/a><\/p>\n<\/div><\/div>\n","protected":false},"excerpt":{"rendered":"<p>Eric a mis sur sa cha\u00eene Youtube, ERIC DAZIN Youtube, plusieurs films qu\u2019il a r\u00e9alis\u00e9s : Compagnie de Bagnolet, r\u00e9alis\u00e9 par des stagiaires de l\u2019INA avec un remontage d\u2019Eric Bouquet Gisors Roy de France La l\u00e9gendaire<\/p>\n","protected":false},"author":2,"featured_media":0,"parent":153,"menu_order":0,"comment_status":"closed","ping_status":"closed","template":"page-nocomments","meta":{"_mc_calendar":[],"footnotes":""},"class_list":["post-937","page","type-page","status-publish","hentry"],"_links":{"self":[{"href":"https:\/\/arc-bagnolet-belleville.fr\/index.php\/wp-json\/wp\/v2\/pages\/937","targetHints":{"allow":["GET"]}}],"collection":[{"href":"https:\/\/arc-bagnolet-belleville.fr\/index.php\/wp-json\/wp\/v2\/pages"}],"about":[{"href":"https:\/\/arc-bagnolet-belleville.fr\/index.php\/wp-json\/wp\/v2\/types\/page"}],"author":[{"embeddable":true,"href":"https:\/\/arc-bagnolet-belleville.fr\/index.php\/wp-json\/wp\/v2\/users\/2"}],"replies":[{"embeddable":true,"href":"https:\/\/arc-bagnolet-belleville.fr\/index.php\/wp-json\/wp\/v2\/comments?post=937"}],"version-history":[{"count":1,"href":"https:\/\/arc-bagnolet-belleville.fr\/index.php\/wp-json\/wp\/v2\/pages\/937\/revisions"}],"predecessor-version":[{"id":942,"href":"https:\/\/arc-bagnolet-belleville.fr\/index.php\/wp-json\/wp\/v2\/pages\/937\/revisions\/942"}],"up":[{"embeddable":true,"href":"https:\/\/arc-bagnolet-belleville.fr\/index.php\/wp-json\/wp\/v2\/pages\/153"}],"wp:attachment":[{"href":"https:\/\/arc-bagnolet-belleville.fr\/index.php\/wp-json\/wp\/v2\/media?parent=937"}],"curies":[{"name":"wp","href":"https:\/\/api.w.org\/{rel}","templated":true}]}}