{"id":636,"date":"2024-08-27T10:24:55","date_gmt":"2024-08-27T08:24:55","guid":{"rendered":"https:\/\/arc-bagnolet-belleville.fr\/?page_id=636"},"modified":"2024-08-27T17:40:17","modified_gmt":"2024-08-27T15:40:17","slug":"mentions-legales","status":"publish","type":"page","link":"https:\/\/arc-bagnolet-belleville.fr\/index.php\/mentions-legales\/","title":{"rendered":"Mentions L\u00e9gales"},"content":{"rendered":"\n<h2 class=\"wp-block-heading\">Responsable de la publication<\/h2>\n\n\n\n<p>Ce site est le site de la Compagnie d&rsquo;arc de Bagnolet-Belleville, compagnie d&rsquo;arc traditionnelle (voir les <a href=\"https:\/\/arc-bagnolet-belleville.fr\/index.php\/la-compagnie\/\">pages de notre site<\/a>) et association loi 1901 inscrite au r\u00e9pertoire national des associations (R.N.A W931007111).<\/p>\n\n\n\n<p>La compagnie est une association sportive d\u00e9di\u00e9e \u00e0 la pratique du tir \u00e0 l&rsquo;arc, affil\u00e9e \u00e0 la f\u00e9d\u00e9ration fran\u00e7aise de tir \u00e0 l&rsquo;arc sous le n\u00b0 26 93 057.<\/p>\n\n\n\n<p>La responsabilit\u00e9 de la publication est port\u00e9e par le ou la pr\u00e9sidente de l&rsquo;association et par son bureau :<\/p>\n\n\n\n<ul class=\"wp-block-list\">\n<li>Pr\u00e9sidente : Jocelyne M\u00e9rine<\/li>\n\n\n\n<li>Vice pr\u00e9sident : Jean-Louis G\u00e9rard<\/li>\n\n\n\n<li>Secr\u00e9taire : Anne Mauboussin<\/li>\n\n\n\n<li>Tr\u00e9sorier : Jean-Louis G\u00e9rard<\/li>\n<\/ul>\n\n\n\n<h2 class=\"wp-block-heading\">Coordonn\u00e9es<\/h2>\n\n\n\n<h5 class=\"wp-block-heading\">Si\u00e8ge social de la compagnie <\/h5>\n\n\n\n<p>Compagnie d&rsquo;arc de Bagnolet-Belleville<br>91 rue des Rigondes<br>93170 Bagnolet<\/p>\n\n\n\n<h5 class=\"wp-block-heading\">Coordonn\u00e9es<\/h5>\n\n\n\n<p>Contacter la compagnie : contact(at)arc-bagnolet-belleville.fr<br>Questions technique concernant le site : webmaster(at)arc-bagnolet-belleville.fr<\/p>\n\n\n\n<h2 class=\"wp-block-heading\">Propri\u00e9t\u00e9 intellectuelle<\/h2>\n\n\n\n<p>Ce site, texte et m\u00e9dia pr\u00e9sent\u00e9, est propri\u00e9t\u00e9 intellectuelle de la Compagnie d&rsquo;arc de Bagnolet-Belleville, sauf mention explicite des auteurs des m\u00e9dia (photographies, vid\u00e9os&#8230;). <\/p>\n\n\n\n<p>Toute utilisation, reproduction, diffusion des contenus de ce site est soumise \u00e0 autorisation de la compagnie ou des auteurs s&rsquo;ils sont mentionn\u00e9s. S&rsquo;adresser \u00e0 contact(at)arc-bagnolet-belleville.fr pour toute demande.<\/p>\n\n\n\n<h2 class=\"wp-block-heading\">H\u00e9bergement<\/h2>\n\n\n\n<p>Ce site est h\u00e9berg\u00e9 par la soci\u00e9t\u00e9 OVH<\/p>\n\n\n\n<p>RCS Lille M\u00e9tropole 424 761 419 00045<br>Code APE 2620Z<br>N\u00b0 TVA : FR 22 424 761 419<br>Si\u00e8ge social : 2 rue Kellermann &#8211; 59100 Roubaix &#8211; France<br><a href=\"https:\/\/www.ovhcloud.com\/fr\">https:\/\/www.ovhcloud.com\/fr<\/a><\/p>\n\n\n\n<h2 class=\"wp-block-heading\">Cr\u00e9dits<\/h2>\n\n\n\n<p>Ce site est construit avec le CMS <a href=\"http:\/\/wordpress.com\" data-type=\"link\" data-id=\"wordpress.com\">WordPress<\/a> et le th\u00e8me <a href=\"https:\/\/xtremelysocial.com\/wordpress\/flat-blocks\/\">Flat Blocks<\/a>&nbsp;de&nbsp;<a href=\"https:\/\/xtremelysocial.com\/\" target=\"_blank\" rel=\"noopener\">XtremelySocial<\/a><\/p>\n","protected":false},"excerpt":{"rendered":"<p>Responsable de la publication Ce site est le site de la Compagnie d&rsquo;arc de Bagnolet-Belleville, compagnie d&rsquo;arc traditionnelle (voir les pages de notre site) et association loi 1901 inscrite au r\u00e9pertoire national des associations (R.N.A W931007111). La compagnie est une association sportive d\u00e9di\u00e9e \u00e0 la pratique du tir \u00e0 l&rsquo;arc, affil\u00e9e \u00e0 la f\u00e9d\u00e9ration fran\u00e7aise [&hellip;]<\/p>\n","protected":false},"author":1,"featured_media":0,"parent":0,"menu_order":0,"comment_status":"closed","ping_status":"closed","template":"page-nocomments","meta":{"_mc_calendar":[],"footnotes":""},"class_list":["post-636","page","type-page","status-publish","hentry"],"_links":{"self":[{"href":"https:\/\/arc-bagnolet-belleville.fr\/index.php\/wp-json\/wp\/v2\/pages\/636","targetHints":{"allow":["GET"]}}],"collection":[{"href":"https:\/\/arc-bagnolet-belleville.fr\/index.php\/wp-json\/wp\/v2\/pages"}],"about":[{"href":"https:\/\/arc-bagnolet-belleville.fr\/index.php\/wp-json\/wp\/v2\/types\/page"}],"author":[{"embeddable":true,"href":"https:\/\/arc-bagnolet-belleville.fr\/index.php\/wp-json\/wp\/v2\/users\/1"}],"replies":[{"embeddable":true,"href":"https:\/\/arc-bagnolet-belleville.fr\/index.php\/wp-json\/wp\/v2\/comments?post=636"}],"version-history":[{"count":3,"href":"https:\/\/arc-bagnolet-belleville.fr\/index.php\/wp-json\/wp\/v2\/pages\/636\/revisions"}],"predecessor-version":[{"id":718,"href":"https:\/\/arc-bagnolet-belleville.fr\/index.php\/wp-json\/wp\/v2\/pages\/636\/revisions\/718"}],"wp:attachment":[{"href":"https:\/\/arc-bagnolet-belleville.fr\/index.php\/wp-json\/wp\/v2\/media?parent=636"}],"curies":[{"name":"wp","href":"https:\/\/api.w.org\/{rel}","templated":true}]}}