{"id":444,"date":"2024-07-11T17:10:20","date_gmt":"2024-07-11T15:10:20","guid":{"rendered":"https:\/\/arc-bagnolet-belleville.fr\/?page_id=444"},"modified":"2024-08-27T13:52:32","modified_gmt":"2024-08-27T11:52:32","slug":"resultats-2024","status":"publish","type":"page","link":"https:\/\/arc-bagnolet-belleville.fr\/index.php\/les-podiums\/resultats-2024\/","title":{"rendered":"R\u00e9sultats 2024"},"content":{"rendered":"<ul class=\"display-posts-listing\"><li class=\"listing-item\"><a class=\"title\" href=\"https:\/\/arc-bagnolet-belleville.fr\/index.php\/2024\/11\/03\/competition-de-vincennes\/\">Comp\u00e9tition de Vincennes<\/a><div class=\"content\">\n<p>Le 03\/11\/24, tous les d\u00e9butants de la compagnie ont eu l&rsquo;occasion de participer \u00e0 leur premi\u00e8re comp\u00e9tition en salle, uniquement r\u00e9serv\u00e9e aux d\u00e9butants, \u00e0 Chennevi\u00e8res. F\u00e9licitation aux gagants pour leur premi\u00e8re m\u00e9daille.<\/p>\n\n\n\n<p><\/p>\n<\/div><\/li><li class=\"listing-item\"><a class=\"title\" href=\"https:\/\/arc-bagnolet-belleville.fr\/index.php\/2024\/09\/16\/carabiniers-dautomne-2024\/\">Carabiniers d&rsquo;automne 2024<\/a><div class=\"content\">\n<p>Le 16 septembre 2024 se tenait les carabiniers d&rsquo;automne. Ils se sont conclus sur une troisi\u00e8me place pour Jocelyne au scratch poulies f\u00e9minine. Bravo aux autres participants qui n&rsquo;ont pas d\u00e9m\u00e9rit\u00e9. <\/p>\n\n\n\n<div class=\"wp-block-group has-global-padding is-layout-constrained wp-block-group-is-layout-constrained\">\n<div class=\"wp-block-columns is-style-default is-layout-flex wp-container-core-columns-is-layout-28f84493 wp-block-columns-is-layout-flex\">\n<div class=\"wp-block-column is-layout-flow wp-block-column-is-layout-flow\" style=\"flex-basis:100%\">\n<div class=\"wp-block-group is-nowrap is-layout-flex wp-container-core-group-is-layout-6c531013 wp-block-group-is-layout-flex\">\n<div class=\"wp-block-columns is-layout-flex wp-container-core-columns-is-layout-28f84493 wp-block-columns-is-layout-flex\">\n<div class=\"wp-block-column is-layout-flow wp-block-column-is-layout-flow\" style=\"flex-basis:100%\">\n<figure class=\"wp-block-gallery has-nested-images columns-default is-cropped wp-block-gallery-1 is-layout-flex wp-block-gallery-is-layout-flex\">\n<figure class=\"wp-block-image size-large\"><img loading=\"lazy\" decoding=\"async\" width=\"768\" height=\"1024\" data-id=\"917\" src=\"https:\/\/arc-bagnolet-belleville.fr\/wp-content\/uploads\/2025\/02\/1-768x1024.jpg\" alt=\"\" class=\"wp-image-917\" srcset=\"https:\/\/arc-bagnolet-belleville.fr\/wp-content\/uploads\/2025\/02\/1-768x1024.jpg 768w, https:\/\/arc-bagnolet-belleville.fr\/wp-content\/uploads\/2025\/02\/1-225x300.jpg 225w, https:\/\/arc-bagnolet-belleville.fr\/wp-content\/uploads\/2025\/02\/1-1152x1536.jpg 1152w, https:\/\/arc-bagnolet-belleville.fr\/wp-content\/uploads\/2025\/02\/1.jpg 1200w\" sizes=\"auto, (max-width: 768px) 100vw, 768px\" \/><\/figure>\n\n\n\n<figure class=\"wp-block-image size-large\"><img loading=\"lazy\" decoding=\"async\" width=\"1024\" height=\"768\" data-id=\"916\" src=\"https:\/\/arc-bagnolet-belleville.fr\/wp-content\/uploads\/2025\/02\/2-1024x768.jpg\" alt=\"\" class=\"wp-image-916\" srcset=\"https:\/\/arc-bagnolet-belleville.fr\/wp-content\/uploads\/2025\/02\/2-1024x768.jpg 1024w, https:\/\/arc-bagnolet-belleville.fr\/wp-content\/uploads\/2025\/02\/2-300x225.jpg 300w, https:\/\/arc-bagnolet-belleville.fr\/wp-content\/uploads\/2025\/02\/2-768x576.jpg 768w, https:\/\/arc-bagnolet-belleville.fr\/wp-content\/uploads\/2025\/02\/2-1536x1152.jpg 1536w, https:\/\/arc-bagnolet-belleville.fr\/wp-content\/uploads\/2025\/02\/2.jpg 2048w\" sizes=\"auto, (max-width: 1024px) 100vw, 1024px\" \/><\/figure>\n\n\n\n<figure class=\"wp-block-image size-large is-style-default\"><img loading=\"lazy\" decoding=\"async\" width=\"1012\" height=\"1024\" data-id=\"918\" src=\"https:\/\/arc-bagnolet-belleville.fr\/wp-content\/uploads\/2025\/02\/3-1-1012x1024.jpg\" alt=\"\" class=\"wp-image-918\" srcset=\"https:\/\/arc-bagnolet-belleville.fr\/wp-content\/uploads\/2025\/02\/3-1-1012x1024.jpg 1012w, https:\/\/arc-bagnolet-belleville.fr\/wp-content\/uploads\/2025\/02\/3-1-297x300.jpg 297w, https:\/\/arc-bagnolet-belleville.fr\/wp-content\/uploads\/2025\/02\/3-1-768x777.jpg 768w, https:\/\/arc-bagnolet-belleville.fr\/wp-content\/uploads\/2025\/02\/3-1-1519x1536.jpg 1519w, https:\/\/arc-bagnolet-belleville.fr\/wp-content\/uploads\/2025\/02\/3-1.jpg 1582w\" sizes=\"auto, (max-width: 1012px) 100vw, 1012px\" \/><\/figure>\n<\/figure>\n<\/div>\n<\/div>\n<\/div>\n<\/div>\n<\/div>\n<\/div>\n<\/div><\/li><\/ul>\n","protected":false},"excerpt":{"rendered":"","protected":false},"author":2,"featured_media":0,"parent":384,"menu_order":82,"comment_status":"closed","ping_status":"closed","template":"wp-custom-template-page-des-podiums","meta":{"_mc_calendar":[],"footnotes":""},"class_list":["post-444","page","type-page","status-publish","hentry"],"_links":{"self":[{"href":"https:\/\/arc-bagnolet-belleville.fr\/index.php\/wp-json\/wp\/v2\/pages\/444","targetHints":{"allow":["GET"]}}],"collection":[{"href":"https:\/\/arc-bagnolet-belleville.fr\/index.php\/wp-json\/wp\/v2\/pages"}],"about":[{"href":"https:\/\/arc-bagnolet-belleville.fr\/index.php\/wp-json\/wp\/v2\/types\/page"}],"author":[{"embeddable":true,"href":"https:\/\/arc-bagnolet-belleville.fr\/index.php\/wp-json\/wp\/v2\/users\/2"}],"replies":[{"embeddable":true,"href":"https:\/\/arc-bagnolet-belleville.fr\/index.php\/wp-json\/wp\/v2\/comments?post=444"}],"version-history":[{"count":1,"href":"https:\/\/arc-bagnolet-belleville.fr\/index.php\/wp-json\/wp\/v2\/pages\/444\/revisions"}],"predecessor-version":[{"id":445,"href":"https:\/\/arc-bagnolet-belleville.fr\/index.php\/wp-json\/wp\/v2\/pages\/444\/revisions\/445"}],"up":[{"embeddable":true,"href":"https:\/\/arc-bagnolet-belleville.fr\/index.php\/wp-json\/wp\/v2\/pages\/384"}],"wp:attachment":[{"href":"https:\/\/arc-bagnolet-belleville.fr\/index.php\/wp-json\/wp\/v2\/media?parent=444"}],"curies":[{"name":"wp","href":"https:\/\/api.w.org\/{rel}","templated":true}]}}