{"id":438,"date":"2024-07-11T17:10:20","date_gmt":"2024-07-11T15:10:20","guid":{"rendered":"https:\/\/arc-bagnolet-belleville.fr\/?page_id=438"},"modified":"2024-08-27T13:53:21","modified_gmt":"2024-08-27T11:53:21","slug":"resultats-2021","status":"publish","type":"page","link":"https:\/\/arc-bagnolet-belleville.fr\/index.php\/les-podiums\/resultats-2021\/","title":{"rendered":"R\u00e9sultats 2021"},"content":{"rendered":"\n<p>En raison de la pand\u00e9mie Covid 19 plusieurs comp\u00e9titions ont \u00e9t\u00e9 annul\u00e9es, les r\u00e9sultats pr\u00e9sent\u00e9s correspondent \u00e0 celles qui se sont d\u00e9roul\u00e9es dans la p\u00e9riode 2020- 2021.<\/p>\n\n\n\n<h3 class=\"wp-block-heading\">Championnat d\u00e9partemental Beursault (septembre 2021), tir traditionnel de 20 haltes en aller-retour \u00e0 50m sur cible de 45cm de diam\u00e8tre.<\/h3>\n\n\n\n<ul class=\"wp-block-list\">\n<li>Jocelyne MERINE&nbsp;: Championne d\u00e9partementale en S\u00e9nior 2 Femme Arc \u00e0 poulies.<\/li>\n\n\n\n<li>Alexandre VIARD&nbsp;: Champion d\u00e9partemental en S\u00e9nior 1 Homme Arc Droit.<\/li>\n\n\n\n<li>Eric DAZIN&nbsp;: Champion d\u00e9partemental en S\u00e9nior 3 Homme Arc Classique.<\/li>\n\n\n\n<li>Jean-Louis GERARD&nbsp;: Vice-champion d\u00e9partemental en S\u00e9nior 3 Homme Arc \u00e0 poulies.<\/li>\n\n\n\n<li>Pierre OLIVE termine 4\u00e8me dans sa cat\u00e9gorie (S\u00e9nior 2 Homme Arc Classique).<\/li>\n<\/ul>\n\n\n\n<h3 class=\"wp-block-heading\">Ronde des familles 2020<\/h3>\n\n\n\n<p>Participation \u00e0 plusieurs prix g\u00e9n\u00e9raux (au moins 6) d\u2019au moins 2 familles adh\u00e9rentes \u00e0 la Ronde des Familles d\u2019Ile de France.<\/p>\n\n\n\n<ul class=\"wp-block-list\">\n<li>Eric DAZIN 2\u00e8me au cumul des 3 meilleurs noirs \u00e0 30,55mm en Classique.<\/li>\n\n\n\n<li>Jean-Louis GERARD 2\u00e8me au cumul des 3 meilleurs noirs \u00e0 15,42mm en Poulies.<\/li>\n\n\n\n<li>Eric 2\u00e8me et Jean-Louis 3\u00e8me au nombre de Prix G\u00e9n\u00e9raux tir\u00e9s.<\/li>\n<\/ul>\n\n\n\n<h3 class=\"wp-block-heading\">Coupe Boudonneau-Lerouge (11 octobre 2020)<\/h3>\n\n\n\n<p>Rognette en 12 points par \u00e9quipe compos\u00e9e de 2 arcs classiques et un arc \u00e0 poulies. <\/p>\n\n\n\n<ul class=\"wp-block-list\">\n<li>L\u2019\u00e9quipe compos\u00e9e de Jocelyne MERINE, Edwige WAGNER, Jean-Louis GERARD et Eric DAZIN a termin\u00e9 2\u00e8me battue en finale par Aulnay\/Bois.<\/li>\n<\/ul>\n\n\n\n<h3 class=\"wp-block-heading\">Coupe Huch\u00e9 (21 mars 2021)<\/h3>\n\n\n\n<p>Rognette en 12 points par \u00e9quipe compos\u00e9e de 3 arcs \u00e0 poulies. <\/p>\n\n\n\n<ul class=\"wp-block-list\">\n<li>L\u2019\u00e9quipe compos\u00e9e de Jocelyne MERINE, Jean-Louis GERARD et Eric DAZIN (2 arcs \u00e0 poulies et un arc classique) a termin\u00e9 4\u00e8me battue par Noisy.<\/li>\n<\/ul>\n\n\n\n<h3 class=\"wp-block-heading\">Challenge Jean Valjean (6 juin 2021)<\/h3>\n\n\n\n<p>Tir de 2 x 6 vol\u00e9es de 6 fl\u00e8ches \u00e0 20m sur blason couleur de 80cm ouvert aux 2 premi\u00e8res ann\u00e9es de licence pour toutes cat\u00e9gories.<\/p>\n\n\n\n<ul class=\"wp-block-list\">\n<li>Nour HEDNA 2\u00e8me en Benjamine.<\/li>\n\n\n\n<li>Erevan BIGOT 1er en Minime.<\/li>\n\n\n\n<li>Ahouva BIGOT 4\u00e8me en Cadette.<\/li>\n\n\n\n<li>Manami SASAKI 3\u00e8me en S\u00e9nior 2 femme.<\/li>\n\n\n\n<li>Ali AZRAR 1er en S\u00e9nior 1 Homme.<\/li>\n\n\n\n<li>Maryse FRANCOIS 1\u00e8re en S\u00e9nior 3 Femme.<\/li>\n\n\n\n<li>Abdel HEDNA 1er en S\u00e9nior 3 Homme.<\/li>\n<\/ul>\n\n\n\n<p>Bagnolet 1\u00e8re au classement par \u00e9quipe.<br><\/p>\n\n\n\n<h3 class=\"wp-block-heading\">Coupe Alexandre Lavillette (29 mai 2021)<\/h3>\n\n\n\n<p>Tir \u00e0 30m sur carte Beursault d\u00e9cor\u00e9e, pour Benjamins et Minimes.<\/p>\n\n\n\n<ul class=\"wp-block-list\">\n<li>Bagnolet 2\u00e8me au classement par \u00e9quipe avec Nour HEDNA et Erevan BIGOT.<\/li>\n<\/ul>\n\n\n\n<h3 class=\"wp-block-heading\">Challenge Andr\u00e9 PRIEUR (20 juin 2021)<\/h3>\n\n\n\n<p>Tir en 6 haltes sur carte Beursault \u00e0 20m et 10 x 3 fl\u00e8ches \u00e0 20m sur blason couleur de 80cm, pour Benjamins, Minimes, Cadets et Juniors.<\/p>\n\n\n\n<ul class=\"wp-block-list\">\n<li>Nour HEDNA 1\u00e8re en Benjamine<\/li>\n\n\n\n<li>Erevan BIGOT 1er en Minime.<\/li>\n\n\n\n<li>Ahouva BIGOT 3\u00e8me en Cadette.<\/li>\n\n\n\n<li>Tony HONG 1er en Junior.<\/li>\n<\/ul>\n\n\n\n<p>Bagnolet 2\u00e8me par \u00e9quipe.<br><\/p>\n\n\n\n<h3 class=\"wp-block-heading\">Passage des fl\u00e8ches<\/h3>\n\n\n\n<p>R\u00e9aliser 280 points en 6 vol\u00e9es de 6 fl\u00e8ches sur blason couleur de 80cm&nbsp;: Noire \u00e0 15m, Bleue \u00e0 20m, Rouge \u00e0 25m, Jaune \u00e0 30m, Bronze \u00e0 40m, Argent \u00e0 60m et Or \u00e0 70m sur blason de 122cm.<\/p>\n\n\n\n<ul class=\"wp-block-list\">\n<li>Fl\u00e8che noire&nbsp;: Nour, Abdel, Ahouva, Tony, Ali, Erevan, Michel.<\/li>\n\n\n\n<li>Fl\u00e8che bleue&nbsp;: Erevan, Tony, Ali, Michel.<\/li>\n\n\n\n<li>Fl\u00e8che rouge&nbsp;: Erevan, Ali, Michel.<\/li>\n<\/ul>\n","protected":false},"excerpt":{"rendered":"<p>En raison de la pand\u00e9mie Covid 19 plusieurs comp\u00e9titions ont \u00e9t\u00e9 annul\u00e9es, les r\u00e9sultats pr\u00e9sent\u00e9s correspondent \u00e0 celles qui se sont d\u00e9roul\u00e9es dans la p\u00e9riode 2020- 2021. Championnat d\u00e9partemental Beursault (septembre 2021), tir traditionnel de 20 haltes en aller-retour \u00e0 50m sur cible de 45cm de diam\u00e8tre. Ronde des familles 2020 Participation \u00e0 plusieurs prix [&hellip;]<\/p>\n","protected":false},"author":2,"featured_media":0,"parent":384,"menu_order":85,"comment_status":"closed","ping_status":"closed","template":"wp-custom-template-page-des-podiums","meta":{"_mc_calendar":[],"footnotes":""},"class_list":["post-438","page","type-page","status-publish","hentry"],"_links":{"self":[{"href":"https:\/\/arc-bagnolet-belleville.fr\/index.php\/wp-json\/wp\/v2\/pages\/438","targetHints":{"allow":["GET"]}}],"collection":[{"href":"https:\/\/arc-bagnolet-belleville.fr\/index.php\/wp-json\/wp\/v2\/pages"}],"about":[{"href":"https:\/\/arc-bagnolet-belleville.fr\/index.php\/wp-json\/wp\/v2\/types\/page"}],"author":[{"embeddable":true,"href":"https:\/\/arc-bagnolet-belleville.fr\/index.php\/wp-json\/wp\/v2\/users\/2"}],"replies":[{"embeddable":true,"href":"https:\/\/arc-bagnolet-belleville.fr\/index.php\/wp-json\/wp\/v2\/comments?post=438"}],"version-history":[{"count":5,"href":"https:\/\/arc-bagnolet-belleville.fr\/index.php\/wp-json\/wp\/v2\/pages\/438\/revisions"}],"predecessor-version":[{"id":689,"href":"https:\/\/arc-bagnolet-belleville.fr\/index.php\/wp-json\/wp\/v2\/pages\/438\/revisions\/689"}],"up":[{"embeddable":true,"href":"https:\/\/arc-bagnolet-belleville.fr\/index.php\/wp-json\/wp\/v2\/pages\/384"}],"wp:attachment":[{"href":"https:\/\/arc-bagnolet-belleville.fr\/index.php\/wp-json\/wp\/v2\/media?parent=438"}],"curies":[{"name":"wp","href":"https:\/\/api.w.org\/{rel}","templated":true}]}}