{"id":436,"date":"2024-07-11T17:10:20","date_gmt":"2024-07-11T15:10:20","guid":{"rendered":"https:\/\/arc-bagnolet-belleville.fr\/?page_id=436"},"modified":"2024-08-27T13:53:45","modified_gmt":"2024-08-27T11:53:45","slug":"resultats-2020","status":"publish","type":"page","link":"https:\/\/arc-bagnolet-belleville.fr\/index.php\/les-podiums\/resultats-2020\/","title":{"rendered":"R\u00e9sultats 2020"},"content":{"rendered":"\n<p>Comme vous le savez beaucoup de comp\u00e9titions notamment au printemps pour les tirs en ext\u00e9rieurs n\u2019ont pas eu lieu du fait de la pand\u00e9mie Covid 19. Cette ann\u00e9e pas de Tirs Fita ou F\u00e9d\u00e9ral, pas d\u2019avantage de tirs Archers Carabiniers ni de Prix G\u00e9n\u00e9raux donc les r\u00e9sultats sont plus minces que d\u2019habitude.<\/p>\n\n\n\n<p>Voici les r\u00e9sultats des comp\u00e9titions qui ont pu se faire.<\/p>\n\n\n\n<h3 class=\"wp-block-heading\">Tir en salle 2020 (Tir 60 fl\u00e8ches \u00e0 18m)&nbsp;:<\/h3>\n\n\n\n<p>Ont particip\u00e9 au Championnat&nbsp;: Ali, Thomas, Jocelyne, Pierre, Edwige et Jean-Louis.<\/p>\n\n\n\n<ul class=\"wp-block-list\">\n<li>Edwige WAGNER Vice-championne au championnat d\u00e9partemental de Seine-Saint-Denis en S\u00e9nior 3 Femmes Arc classique.<\/li>\n\n\n\n<li>Jean-Louis termine 4\u00e8me au pied du podium \u00e0 la fl\u00e8che de barrage. S\u00e9nior 3 Hommes Arc poulies.<\/li>\n<\/ul>\n\n\n\n<h3 class=\"wp-block-heading\">Tir Beursault&nbsp;2020 (tir traditionnel des archers \u00e0 50m sur une carte de 45 cm de diam\u00e8tre int\u00e9rieur) : <\/h3>\n\n\n\n<h4 class=\"wp-block-heading\">Individuel&nbsp;:<br>Championnat d\u00e9partemental : (40 fl\u00e8ches en Aller-Retour)<\/h4>\n\n\n\n<ul class=\"wp-block-list\">\n<li>Edwige WAGNER Championne d\u00e9partementale de Seine-Saint-Denis en S\u00e9nior 3 Femme Arc classique.<\/li>\n\n\n\n<li>Jocelyne M\u00c9RINE Vice-championne d\u00e9partementale de Seine-Saint-Denis en S\u00e9nior 2 Femmes Arc poulies.<\/li>\n\n\n\n<li>Jean-Louis G\u00c9RARD Vice-champion d\u00e9partemental de Seine-Saint-Denis en S\u00e9nior 3 Hommes Arc poulies.<\/li>\n\n\n\n<li>Pour sa premi\u00e8re participation en arc droit Alexandre VIARD est Vice-champion d\u00e9partemental de Seine-Saint-Denis en S\u00e9nior 1 Hommes Arc Droits.<\/li>\n\n\n\n<li>Pierre OLIVE termine 5\u00e8me dans sa cat\u00e9gorie et Eric DAZIN 7\u00e8me<\/li>\n<\/ul>\n\n\n\n<h3 class=\"wp-block-heading\">Coupe de traditions 2020 :<\/h3>\n\n\n\n<h4 class=\"wp-block-heading\">Coupe Boudonneau-Lerouge&nbsp;: (Rognette en 12 points par \u00e9quipe compos\u00e9e de 2 arcs classiques et un arc \u00e0 poulies)<\/h4>\n\n\n\n<ul class=\"wp-block-list\">\n<li>L\u2019\u00e9quipe compos\u00e9e de Jocelyne, Edwige, Jean-Louis et Eric a termin\u00e9 &nbsp;&nbsp;2\u00e8me battue en finale par Aulnay\/Bois.<\/li>\n<\/ul>\n\n\n\n<h3 class=\"wp-block-heading\">Tirs traditionnels 2020 :<\/h3>\n\n\n\n<ul class=\"wp-block-list\">\n<li>St S\u00e9bastien&nbsp;: Nino BLOT<\/li>\n\n\n\n<li>Roy&nbsp;: Jean-Louis G\u00c9RARD<\/li>\n<\/ul>\n","protected":false},"excerpt":{"rendered":"<p>Comme vous le savez beaucoup de comp\u00e9titions notamment au printemps pour les tirs en ext\u00e9rieurs n\u2019ont pas eu lieu du fait de la pand\u00e9mie Covid 19. Cette ann\u00e9e pas de Tirs Fita ou F\u00e9d\u00e9ral, pas d\u2019avantage de tirs Archers Carabiniers ni de Prix G\u00e9n\u00e9raux donc les r\u00e9sultats sont plus minces que d\u2019habitude. Voici les r\u00e9sultats [&hellip;]<\/p>\n","protected":false},"author":2,"featured_media":0,"parent":384,"menu_order":86,"comment_status":"closed","ping_status":"closed","template":"wp-custom-template-page-des-podiums","meta":{"_mc_calendar":[],"footnotes":""},"class_list":["post-436","page","type-page","status-publish","hentry"],"_links":{"self":[{"href":"https:\/\/arc-bagnolet-belleville.fr\/index.php\/wp-json\/wp\/v2\/pages\/436","targetHints":{"allow":["GET"]}}],"collection":[{"href":"https:\/\/arc-bagnolet-belleville.fr\/index.php\/wp-json\/wp\/v2\/pages"}],"about":[{"href":"https:\/\/arc-bagnolet-belleville.fr\/index.php\/wp-json\/wp\/v2\/types\/page"}],"author":[{"embeddable":true,"href":"https:\/\/arc-bagnolet-belleville.fr\/index.php\/wp-json\/wp\/v2\/users\/2"}],"replies":[{"embeddable":true,"href":"https:\/\/arc-bagnolet-belleville.fr\/index.php\/wp-json\/wp\/v2\/comments?post=436"}],"version-history":[{"count":4,"href":"https:\/\/arc-bagnolet-belleville.fr\/index.php\/wp-json\/wp\/v2\/pages\/436\/revisions"}],"predecessor-version":[{"id":690,"href":"https:\/\/arc-bagnolet-belleville.fr\/index.php\/wp-json\/wp\/v2\/pages\/436\/revisions\/690"}],"up":[{"embeddable":true,"href":"https:\/\/arc-bagnolet-belleville.fr\/index.php\/wp-json\/wp\/v2\/pages\/384"}],"wp:attachment":[{"href":"https:\/\/arc-bagnolet-belleville.fr\/index.php\/wp-json\/wp\/v2\/media?parent=436"}],"curies":[{"name":"wp","href":"https:\/\/api.w.org\/{rel}","templated":true}]}}