{"id":434,"date":"2024-07-11T17:10:20","date_gmt":"2024-07-11T15:10:20","guid":{"rendered":"https:\/\/arc-bagnolet-belleville.fr\/?page_id=434"},"modified":"2024-08-27T13:54:17","modified_gmt":"2024-08-27T11:54:17","slug":"resultats-2019","status":"publish","type":"page","link":"https:\/\/arc-bagnolet-belleville.fr\/index.php\/les-podiums\/resultats-2019\/","title":{"rendered":"R\u00e9sultats 2019"},"content":{"rendered":"\n<h3 class=\"wp-block-heading\">Tir en salle &nbsp;(Tir 60 fl\u00e8ches \u00e0 18m)&nbsp;:&nbsp;&nbsp;&nbsp;&nbsp;&nbsp;&nbsp;&nbsp;&nbsp;&nbsp;&nbsp;&nbsp;&nbsp;&nbsp;&nbsp;&nbsp;&nbsp;&nbsp;&nbsp;&nbsp;&nbsp;&nbsp;&nbsp;&nbsp;&nbsp;&nbsp;&nbsp;&nbsp;&nbsp;&nbsp;&nbsp;&nbsp;&nbsp;&nbsp;&nbsp;&nbsp;&nbsp;&nbsp;<\/h3>\n\n\n\n<h4 class=\"wp-block-heading\">Individuel<\/h4>\n\n\n\n<ul class=\"wp-block-list\">\n<li>Jocelyne &nbsp;Vice-championne d\u00e9partementale de Seine-Saint-Denis v\u00e9t\u00e9ran femme Arc classique.<\/li>\n\n\n\n<li>Edwige &nbsp;troisi\u00e8me au championnat d\u00e9partemental<\/li>\n\n\n\n<li>Jean-Philippe &nbsp;&nbsp;troisi\u00e8me au championnat d\u00e9partemental<\/li>\n\n\n\n<li>Jocelyne &nbsp;Championne r\u00e9gionale d\u2019\u00cele de France<\/li>\n<\/ul>\n\n\n\n<h3 class=\"wp-block-heading\">Tir F\u00e9d\u00e9ral &nbsp;(Tir 72 fl\u00e8ches \u00e0 50m cible de 122 cm)&nbsp;:<\/h3>\n\n\n\n<h4 class=\"wp-block-heading\">Individuel&nbsp;:<\/h4>\n\n\n\n<ul class=\"wp-block-list\">\n<li>Jean-Louis &nbsp;m\u00e9daille de bronze en Super v\u00e9t\u00e9ran homme arc \u00e0 poulies.<\/li>\n<\/ul>\n\n\n\n<h3 class=\"wp-block-heading\">Tir FITA (Tir Olympique 72 fl\u00e8ches \u00e0 50m cible de 80 cm)&nbsp;:<\/h3>\n\n\n\n<h4 class=\"wp-block-heading\">Individuel&nbsp;:<\/h4>\n\n\n\n<ul class=\"wp-block-list\">\n<li>Jean-Louis &nbsp;:Champion d\u00e9partemental super v\u00e9t\u00e9ran homme arc \u00e0 poulie<\/li>\n<\/ul>\n\n\n\n<h3 class=\"wp-block-heading\">Tir Beursault&nbsp; &nbsp;(tir traditionnel des archers&nbsp;: 40 fl\u00e8ches \u00e0 50m sur une carte de 45 cm de diam\u00e8tre int\u00e9rieur) : &nbsp;<\/h3>\n\n\n\n<h4 class=\"wp-block-heading\">Prix de la Ronde de l&rsquo; \u00eele de France 2018:<\/h4>\n\n\n\n<ul class=\"wp-block-list\">\n<li>Jean- Louis &nbsp;&nbsp;1er au challenge arc \u00e0 Poulie &nbsp;des 3 meilleurs noirs<\/li>\n<\/ul>\n","protected":false},"excerpt":{"rendered":"<p>Tir en salle &nbsp;(Tir 60 fl\u00e8ches \u00e0 18m)&nbsp;:&nbsp;&nbsp;&nbsp;&nbsp;&nbsp;&nbsp;&nbsp;&nbsp;&nbsp;&nbsp;&nbsp;&nbsp;&nbsp;&nbsp;&nbsp;&nbsp;&nbsp;&nbsp;&nbsp;&nbsp;&nbsp;&nbsp;&nbsp;&nbsp;&nbsp;&nbsp;&nbsp;&nbsp;&nbsp;&nbsp;&nbsp;&nbsp;&nbsp;&nbsp;&nbsp;&nbsp;&nbsp; Individuel Tir F\u00e9d\u00e9ral &nbsp;(Tir 72 fl\u00e8ches \u00e0 50m cible de 122 cm)&nbsp;: Individuel&nbsp;: Tir FITA (Tir Olympique 72 fl\u00e8ches \u00e0 50m cible de 80 cm)&nbsp;: Individuel&nbsp;: Tir Beursault&nbsp; &nbsp;(tir traditionnel des archers&nbsp;: 40 fl\u00e8ches \u00e0 50m sur une carte de 45 cm de diam\u00e8tre int\u00e9rieur) : &nbsp; [&hellip;]<\/p>\n","protected":false},"author":2,"featured_media":0,"parent":384,"menu_order":87,"comment_status":"closed","ping_status":"closed","template":"wp-custom-template-page-des-podiums","meta":{"_mc_calendar":[],"footnotes":""},"class_list":["post-434","page","type-page","status-publish","hentry"],"_links":{"self":[{"href":"https:\/\/arc-bagnolet-belleville.fr\/index.php\/wp-json\/wp\/v2\/pages\/434","targetHints":{"allow":["GET"]}}],"collection":[{"href":"https:\/\/arc-bagnolet-belleville.fr\/index.php\/wp-json\/wp\/v2\/pages"}],"about":[{"href":"https:\/\/arc-bagnolet-belleville.fr\/index.php\/wp-json\/wp\/v2\/types\/page"}],"author":[{"embeddable":true,"href":"https:\/\/arc-bagnolet-belleville.fr\/index.php\/wp-json\/wp\/v2\/users\/2"}],"replies":[{"embeddable":true,"href":"https:\/\/arc-bagnolet-belleville.fr\/index.php\/wp-json\/wp\/v2\/comments?post=434"}],"version-history":[{"count":4,"href":"https:\/\/arc-bagnolet-belleville.fr\/index.php\/wp-json\/wp\/v2\/pages\/434\/revisions"}],"predecessor-version":[{"id":691,"href":"https:\/\/arc-bagnolet-belleville.fr\/index.php\/wp-json\/wp\/v2\/pages\/434\/revisions\/691"}],"up":[{"embeddable":true,"href":"https:\/\/arc-bagnolet-belleville.fr\/index.php\/wp-json\/wp\/v2\/pages\/384"}],"wp:attachment":[{"href":"https:\/\/arc-bagnolet-belleville.fr\/index.php\/wp-json\/wp\/v2\/media?parent=434"}],"curies":[{"name":"wp","href":"https:\/\/api.w.org\/{rel}","templated":true}]}}