{"id":432,"date":"2024-07-11T17:10:20","date_gmt":"2024-07-11T15:10:20","guid":{"rendered":"https:\/\/arc-bagnolet-belleville.fr\/?page_id=432"},"modified":"2024-08-27T13:54:38","modified_gmt":"2024-08-27T11:54:38","slug":"resultats-2018","status":"publish","type":"page","link":"https:\/\/arc-bagnolet-belleville.fr\/index.php\/les-podiums\/resultats-2018\/","title":{"rendered":"R\u00e9sultats 2018"},"content":{"rendered":"\n<h3 class=\"wp-block-heading\">Tir Beursault&nbsp;2018 (tir traditionnel des archers&nbsp;: 40 fl\u00e8ches \u00e0 50m sur une carte de 45 cm de diam\u00e8tre int\u00e9rieur) : &nbsp;<\/h3>\n\n\n\n<h4 class=\"wp-block-heading\">Individuel&nbsp;:<\/h4>\n\n\n\n<ul class=\"wp-block-list\">\n<li>Jocelyne MERINE championne d\u00e9partementale de Seine-Saint-Denis en V\u00e9t\u00e9ran femme Arc classique.<\/li>\n\n\n\n<li>Pablo G\u00c9GAUFF vice-champion d\u00e9partemental de Seine-Saint-Denis en Junior homme Arc classique.<\/li>\n\n\n\n<li>Rodolphe LENGAY vice-champion d\u00e9partemental de Seine-Saint-Denis en V\u00e9t\u00e9ran homme Arc classique.<\/li>\n\n\n\n<li>Edwige Wagner vice championne d\u00e9partementale de Seine-Saint-Denis en Super V\u00e9t\u00e9ran femme Arc classique.<\/li>\n<\/ul>\n\n\n\n<h4 class=\"wp-block-heading\">\u00c9quipe&nbsp;:<\/h4>\n\n\n\n<ul class=\"wp-block-list\">\n<li>3\u00e8me par \u00e9quipe femme avec Jocelyne MERINE, Edwige WAGNER et Lydia TYTGAT<\/li>\n\n\n\n<li>3\u00e8me par \u00e9quipe homme avec Rodolphe LENGAY, William LANDRY et Jean-Louis G\u00e9rard. <\/li>\n\n\n\n<li>Pablo, Lydia, Jean-Philippe, Thomas, Jocelyne, Marianne, Rodolphe, William, Jean-Pierre, Serge, Edwige, Jean-Louis, Pascal, Romain, Jean-Marie, Jean-Louis ont particip\u00e9 \u00e0 ce championnat avec de tr\u00e8s bons r\u00e9sultats.<\/li>\n<\/ul>\n\n\n\n<h4 class=\"wp-block-heading\">S\u00e9lectionn\u00e9s pour le Championnat R\u00e9gional Beursault&nbsp;2018 :<\/h4>\n\n\n\n<ul class=\"wp-block-list\">\n<li>Rodolphe LENGAY, Jean-Louis G\u00c9RARD, Edwige WAGNER, Jocelyne MERINE, William LANDRY, Fran\u00e7oise LEROUX<\/li>\n<\/ul>\n\n\n\n<h4 class=\"wp-block-heading\">S\u00e9lectionn\u00e9s pour le Championnat de France Beursault&nbsp;2018:<\/h4>\n\n\n\n<ul class=\"wp-block-list\">\n<li>Jean-Louis G\u00c9RARD, Jocelyne MERINE, Rodolphe LENGAY, Edwige WAGNER, William LANDRY, Fran\u00e7oise LEROUX<\/li>\n<\/ul>\n\n\n\n<h4 class=\"wp-block-heading\">Tir du Bouquet Provincial 2018&nbsp;:&nbsp;<\/h4>\n\n\n\n<ul class=\"wp-block-list\">\n<li>4 pelotons engag\u00e9s<\/li>\n\n\n\n<li>William LANDRY 2\u00e8me au Prix aux honneurs en V\u00e9t\u00e9rans Homme avec 131 participants dans la cat\u00e9gorie<\/li>\n\n\n\n<li>Rodolphe LENGAY 4\u00e8me au Grand Prix au noir sur 934 archers<\/li>\n<\/ul>\n\n\n\n<h4 class=\"wp-block-heading\">Coupe de tradition \u2013 Coupe Huch\u00e9 2018 (En \u00e9quipe 3 Poulies) :<\/h4>\n\n\n\n<ul class=\"wp-block-list\">\n<li>2\u00e8me avec Jean-Marie WILINSKI (Biquet) , Alain PRIGENT et Jean-Louis G\u00c9RARD<\/li>\n<\/ul>\n\n\n\n<h4 class=\"wp-block-heading\">Coupe de tradition \u2013 Coupe Bourdonneaux 2018 (En \u00e9quipe 2 CL et 1 CO)<\/h4>\n\n\n\n<ul class=\"wp-block-list\">\n<li>4\u00e8me avec Liliane CODEVELLE, Edwige WAGNER et Jean-Louis G\u00c9RARD<\/li>\n<\/ul>\n\n\n\n<h3 class=\"wp-block-heading\">Tir FITA 2018 (Tir Olympique 72 fl\u00e8ches \u00e0 70m)&nbsp;:<\/h3>\n\n\n\n<h4 class=\"wp-block-heading\">Individuel&nbsp;:<\/h4>\n\n\n\n<ul class=\"wp-block-list\">\n<li>Quentin QUELLIER M\u00e9daille de bronze d\u00e9partemental de Seine-Saint-Denis en Minime<\/li>\n\n\n\n<li>Jocelyne MERINE Vice Championne d\u00e9partementale de Seine-Saint-Denis en V\u00e9t\u00e9ran Femme<\/li>\n\n\n\n<li>Pascal FRISA Vice Champion d\u00e9partemental de Seine-Saint-Denis en Super V\u00e9t\u00e9ran Homme<\/li>\n<\/ul>\n\n\n\n<h4 class=\"wp-block-heading\">\u00c9quipe Homme DRH (Division R\u00e9gionale Honneur)&nbsp;:<\/h4>\n\n\n\n<ul class=\"wp-block-list\">\n<li>La Division R\u00e9gionale Honneur est un concours qui r\u00e9unit 16 \u00e9quipes de toute la r\u00e9gion \u00cele de France . Il y a 3 concours, il faut pr\u00e9senter 4 tireurs qui font un Fita complet suivi de duels. L\u2019\u00e9quipe Homme a termin\u00e9 13 \u00e8me sur 16 et \u00e9tait compos\u00e9e alternativement de Rodolph LENGAY, Thomas ALBISSON, Jean-Pierre GEGAUFF, William LANDRY et Eric DAZIN.<\/li>\n<\/ul>\n\n\n\n<h4 class=\"wp-block-heading\">\u00c9quipe Femme DRE (Division R\u00e9gionale Excellence)&nbsp;:<\/h4>\n\n\n\n<ul class=\"wp-block-list\">\n<li>L\u2019\u00e9quipe femme a termin\u00e9 13\u00e8me de la Division R\u00e9gionale Excellence. L\u2019\u00e9quipe femme \u00e9tait compos\u00e9e de Lydia TYTGAT, Aur\u00e9lie LEFORT, Jocelyne MERINE.<\/li>\n<\/ul>\n\n\n\n<h3 class=\"wp-block-heading\">Tir F\u00e9d\u00e9ral 2018 (Tir 72 fl\u00e8ches \u00e0 50m)&nbsp;:<\/h3>\n\n\n\n<h4 class=\"wp-block-heading\">Individuel&nbsp;:<\/h4>\n\n\n\n<ul class=\"wp-block-list\">\n<li>Jean-Louis G\u00c9RARD Vice-Champion d\u00e9partemental en Super v\u00e9t\u00e9ran homme Arc \u00e0 poulies.<\/li>\n\n\n\n<li>Quentin QUELLIER et Eric DAZIN terminent au pied du podium<\/li>\n<\/ul>\n\n\n\n<h3 class=\"wp-block-heading\">Tir Archers Carabiniers 2018 :<\/h3>\n\n\n\n<h4 class=\"wp-block-heading\">Au prix de Printemps (40 fl\u00e8ches sur cible Suisse \u00e0 50m)&nbsp;:<\/h4>\n\n\n\n<h5 class=\"wp-block-heading\">Individuel&nbsp;: <\/h5>\n\n\n\n<ul class=\"wp-block-list\">\n<li>William LANDRY 3\u00e8me en V\u00e9t\u00e9ran homme Arc classique<\/li>\n\n\n\n<li>Jean-Louis G\u00c9RARD 5\u00e8me en Super V\u00e9t\u00e9ran homme Arc classique et 5\u00e8me en Arc \u00e0 Poulies<\/li>\n\n\n\n<li>Fran\u00e7oise 6\u00e8me en Super V\u00e9t\u00e9ran femme Arc classique<\/li>\n<\/ul>\n\n\n\n<h5 class=\"wp-block-heading\">\u00c9quipe&nbsp;: par addition des 5 meilleurs scores par 5 tireurs diff\u00e9rents<\/h5>\n\n\n\n<ul class=\"wp-block-list\">\n<li>4\u00e8me &nbsp;sur 16 avec, William LANDRY, Jean-Louis GERARD, Rodolphe LENGAY, Lydia TYTGAT et Eric DAZIN<\/li>\n<\/ul>\n\n\n\n<h5 class=\"wp-block-heading\">Coupe Sylvi&nbsp;: par addition des 3 meilleurs noirs par 3 archers diff\u00e9rents<\/h5>\n\n\n\n<ul class=\"wp-block-list\">\n<li>12\u00e8me avec un total de 21,14 mm r\u00e9alis\u00e9s par Jean-Louis G\u00c9RARD, Rodolphe LENGAY et William LANDRY<\/li>\n<\/ul>\n\n\n\n<h4 class=\"wp-block-heading\">Au prix d\u2019Automne (2 x 30 fl\u00e8ches par vol\u00e9e de 3 fl\u00e8ches sur cible Suisse \u00e0 50m)&nbsp;:<\/h4>\n\n\n\n<h5 class=\"wp-block-heading\">Individuel :<\/h5>\n\n\n\n<ul class=\"wp-block-list\">\n<li>Jocelyne MERINE 2\u00e8re en V\u00e9t\u00e9ran femme Arc classique<\/li>\n\n\n\n<li>Jean-Pierre GEGAUFF 4\u00e8me en V\u00e9t\u00e9ran Homme Arc classique<\/li>\n\n\n\n<li>Et Aur\u00e9lie LEFORT et THOMAS ALBISSON 7\u00e8me dans leur cat\u00e9gorie<\/li>\n<\/ul>\n\n\n\n<h5 class=\"wp-block-heading\">Par \u00e9quipe&nbsp;: par addition des 5 meilleurs scores par 5 tireurs diff\u00e9rents<\/h5>\n\n\n\n<ul class=\"wp-block-list\">\n<li>5\u00e8me avec Jocelyne MERINE, Jean-Pierre GEGAUFF, Aur\u00e9lie LEFORT, THOMAS ALBISSON, Marianne MICHAUD<\/li>\n<\/ul>\n","protected":false},"excerpt":{"rendered":"<p>Tir Beursault&nbsp;2018 (tir traditionnel des archers&nbsp;: 40 fl\u00e8ches \u00e0 50m sur une carte de 45 cm de diam\u00e8tre int\u00e9rieur) : &nbsp; Individuel&nbsp;: \u00c9quipe&nbsp;: S\u00e9lectionn\u00e9s pour le Championnat R\u00e9gional Beursault&nbsp;2018 : S\u00e9lectionn\u00e9s pour le Championnat de France Beursault&nbsp;2018: Tir du Bouquet Provincial 2018&nbsp;:&nbsp; Coupe de tradition \u2013 Coupe Huch\u00e9 2018 (En \u00e9quipe 3 Poulies) : Coupe [&hellip;]<\/p>\n","protected":false},"author":2,"featured_media":0,"parent":384,"menu_order":88,"comment_status":"closed","ping_status":"closed","template":"wp-custom-template-page-des-podiums","meta":{"_mc_calendar":[],"footnotes":""},"class_list":["post-432","page","type-page","status-publish","hentry"],"_links":{"self":[{"href":"https:\/\/arc-bagnolet-belleville.fr\/index.php\/wp-json\/wp\/v2\/pages\/432","targetHints":{"allow":["GET"]}}],"collection":[{"href":"https:\/\/arc-bagnolet-belleville.fr\/index.php\/wp-json\/wp\/v2\/pages"}],"about":[{"href":"https:\/\/arc-bagnolet-belleville.fr\/index.php\/wp-json\/wp\/v2\/types\/page"}],"author":[{"embeddable":true,"href":"https:\/\/arc-bagnolet-belleville.fr\/index.php\/wp-json\/wp\/v2\/users\/2"}],"replies":[{"embeddable":true,"href":"https:\/\/arc-bagnolet-belleville.fr\/index.php\/wp-json\/wp\/v2\/comments?post=432"}],"version-history":[{"count":4,"href":"https:\/\/arc-bagnolet-belleville.fr\/index.php\/wp-json\/wp\/v2\/pages\/432\/revisions"}],"predecessor-version":[{"id":692,"href":"https:\/\/arc-bagnolet-belleville.fr\/index.php\/wp-json\/wp\/v2\/pages\/432\/revisions\/692"}],"up":[{"embeddable":true,"href":"https:\/\/arc-bagnolet-belleville.fr\/index.php\/wp-json\/wp\/v2\/pages\/384"}],"wp:attachment":[{"href":"https:\/\/arc-bagnolet-belleville.fr\/index.php\/wp-json\/wp\/v2\/media?parent=432"}],"curies":[{"name":"wp","href":"https:\/\/api.w.org\/{rel}","templated":true}]}}