{"id":430,"date":"2024-07-11T17:10:20","date_gmt":"2024-07-11T15:10:20","guid":{"rendered":"https:\/\/arc-bagnolet-belleville.fr\/?page_id=430"},"modified":"2024-08-27T13:55:06","modified_gmt":"2024-08-27T11:55:06","slug":"resultats-2017","status":"publish","type":"page","link":"https:\/\/arc-bagnolet-belleville.fr\/index.php\/les-podiums\/resultats-2017\/","title":{"rendered":"R\u00e9sultats 2017"},"content":{"rendered":"\n<h3 class=\"wp-block-heading\">Tir Beursault&nbsp;(tir traditionnel des archers&nbsp;: 40 fl\u00e8ches \u00e0 50m sur une carte de 45 cm de diam\u00e8tre int\u00e9rieur) : &nbsp;<\/h3>\n\n\n\n<h4 class=\"wp-block-heading\">Individuel&nbsp;:<\/h4>\n\n\n\n<ul class=\"wp-block-list\">\n<li>Jean-Louis GERARD champion d\u00e9partemental de Seine-Saint-Denis en Super V\u00e9t\u00e9ran homme Arc classique.<\/li>\n\n\n\n<li>Jean-Louis GERARD vice-champion d\u00e9partemental de Seine-Saint-Denis en Super V\u00e9t\u00e9ran homme Compound.<\/li>\n<\/ul>\n\n\n\n<h4 class=\"wp-block-heading\">Equipe&nbsp;:<\/h4>\n\n\n\n<ul class=\"wp-block-list\">\n<li>3\u00e8me par \u00e9quipe avec Jean-Louis G\u00e9rard, Jean-Pierre GEGAUFF et Rodolphe LENGAY<\/li>\n\n\n\n<li>Eve, Lydia, Fran\u00e7oise, Aur\u00e9lie, Serge, Jean-Pierre, Jean-Philippe, Thomas, Rodolphe et Eric ont particip\u00e9 \u00e0 ce championnat avec de tr\u00e8s bons r\u00e9sultats.<\/li>\n<\/ul>\n\n\n\n<h4 class=\"wp-block-heading\">Prix de la Ronde 2017 :<\/h4>\n\n\n\n<ul class=\"wp-block-list\">\n<li>Jean-Louis GERARD 1er au challenge en Poulies avec un total des 3 meilleurs noirs \u00e0 8,20 mm<\/li>\n<\/ul>\n\n\n\n<h4 class=\"wp-block-heading\">S\u00e9lectionn\u00e9s pour le Championnat R\u00e9gional Beursault&nbsp;<\/h4>\n\n\n\n<ul class=\"wp-block-list\">\n<li>Lydia TYTGAT, Rodolphe LENGAY, Fran\u00e7oise LEROUX et Jean-Louis G\u00c9RARD.<\/li>\n<\/ul>\n\n\n\n<h4 class=\"wp-block-heading\">S\u00e9lectionn\u00e9s pour le Championnat de France Beursault&nbsp;:<\/h4>\n\n\n\n<ul class=\"wp-block-list\">\n<li>Fran\u00e7oise LEROUX et Jean-Louis G\u00c9RARD.<\/li>\n<\/ul>\n\n\n\n<h4 class=\"wp-block-heading\">Tir du Bouquet Provincial 2017&nbsp;:&nbsp;<\/h4>\n\n\n\n<ul class=\"wp-block-list\">\n<li>4 pelotons engag\u00e9s<\/li>\n\n\n\n<li>Tr\u00e8s beau r\u00e9sultat pour Alain 9 \u00e8me sur 469 tireurs enregistr\u00e9s en Poulies avec un noir \u00e0 1,80 mm en Compound, Jean-Louis avec un noir \u00e0 5,10 mm, Liliane un noir \u00e0 6,25 mm et Jocelyne un noir 9,35 mm avec 1051 participants en Classique<\/li>\n<\/ul>\n\n\n\n<h3 class=\"wp-block-heading\">Tir FITA (Tir Olympique 72 fl\u00e8ches \u00e0 70m)&nbsp;:<\/h3>\n\n\n\n<h4 class=\"wp-block-heading\">Individuel&nbsp;:<\/h4>\n\n\n\n<ul class=\"wp-block-list\">\n<li>Quentin QUELLIER Vice champion d\u00e9partemental de Seine-Saint-Denis en Benjamin<\/li>\n\n\n\n<li>Jocelyne MERINE M\u00e9daille de bronze au championnat d\u00e9partemental de Seine-Saint-Denis en V\u00e9teran femme Arc classique.<\/li>\n\n\n\n<li>Eric DAZIN Vice championnat d\u00e9partemental de Seine-Saint-Denis en Super V\u00e9t\u00e9ran homme Arc classique<\/li>\n<\/ul>\n\n\n\n<h4 class=\"wp-block-heading\">\u00c9quipe Homme DRH (Division R\u00e9gionale Honneur)&nbsp;:<\/h4>\n\n\n\n<ul class=\"wp-block-list\">\n<li>La Division R\u00e9gionale Honneur est un concours qui r\u00e9unit 16 \u00e9quipes de toute la r\u00e9gion \u00cele de France . Il y a 3 concours, il faut pr\u00e9senter 4 tireurs qui font un Fita complet suivi de duels. L\u2019\u00e9quipe Homme a termin\u00e9 13 \u00e8me sur 16 et \u00e9tait compos\u00e9e alternativement de Rodolph LENGAY, Thomas ALBISSON, Jean-Pierre GEGAUFF, Alexis QUIE et Eric DAZIN.<\/li>\n<\/ul>\n\n\n\n<h4 class=\"wp-block-heading\">\u00c9quipe Femme DRH (Division R\u00e9gionale Honneur)&nbsp;:<\/h4>\n\n\n\n<ul class=\"wp-block-list\">\n<li>L\u2019\u00e9quipe femme a termin\u00e9 2\u00e8me de la Division R\u00e9gionale Honneur et passera en Division R\u00e9gionale Excellence. L\u2019\u00e9quipe femme \u00e9tait compos\u00e9e de Lydia TYTGAT, Aur\u00e9lie LEFORT, Jocelyne MERINE et Eve GOUERY<\/li>\n<\/ul>\n\n\n\n<h3 class=\"wp-block-heading\">Tir F\u00e9d\u00e9ral (Tir 72 fl\u00e8ches \u00e0 50m)&nbsp;:<\/h3>\n\n\n\n<h4 class=\"wp-block-heading\">Individuel&nbsp;:<\/h4>\n\n\n\n<ul class=\"wp-block-list\">\n<li>Quentin QUELLIER M\u00e9daille de bronze au championnat d\u00e9partemental de Seine-Saint-Denis en benjamin homme Arc classique.<\/li>\n\n\n\n<li>Jocelyne MERINE M\u00e9daille de bronze au championnat d\u00e9partemental de Seine-Saint-Denis en V\u00e9t\u00e9ran femme Arc classique.<\/li>\n\n\n\n<li>Eric DAZIN Champion d\u00e9partemental de Seine-Saint-Denis en Super v\u00e9t\u00e9ran homme Arc classique.<\/li>\n\n\n\n<li>Jean-Louis G\u00c9RARD M\u00e9daille de bronze en Super v\u00e9t\u00e9ran homme Arc \u00e0 poulies.<\/li>\n<\/ul>\n\n\n\n<h3 class=\"wp-block-heading\">Tir en salle (Tir 60 fl\u00e8ches \u00e0 18m)&nbsp;:<\/h3>\n\n\n\n<h4 class=\"wp-block-heading\">Individuel : <\/h4>\n\n\n\n<ul class=\"wp-block-list\">\n<li> Quentin QUELLIER M\u00e9daille de bronze au championnat d\u00e9partemental de Seine-Saint-Denis en benjamin homme Arc classique<\/li>\n<\/ul>\n\n\n\n<h4 class=\"wp-block-heading\">Prix de la Ronde 2017 :<\/h4>\n\n\n\n<ul class=\"wp-block-list\">\n<li>Jean-Louis GERARD 1er au challenge en Poulies avec un total des 3 meilleurs noirs \u00e0 8,20 mm<\/li>\n<\/ul>\n","protected":false},"excerpt":{"rendered":"<p>Tir Beursault&nbsp;(tir traditionnel des archers&nbsp;: 40 fl\u00e8ches \u00e0 50m sur une carte de 45 cm de diam\u00e8tre int\u00e9rieur) : &nbsp; Individuel&nbsp;: Equipe&nbsp;: Prix de la Ronde 2017 : S\u00e9lectionn\u00e9s pour le Championnat R\u00e9gional Beursault&nbsp; S\u00e9lectionn\u00e9s pour le Championnat de France Beursault&nbsp;: Tir du Bouquet Provincial 2017&nbsp;:&nbsp; Tir FITA (Tir Olympique 72 fl\u00e8ches \u00e0 70m)&nbsp;: Individuel&nbsp;: [&hellip;]<\/p>\n","protected":false},"author":2,"featured_media":0,"parent":384,"menu_order":89,"comment_status":"closed","ping_status":"closed","template":"wp-custom-template-page-des-podiums","meta":{"_mc_calendar":[],"footnotes":""},"class_list":["post-430","page","type-page","status-publish","hentry"],"_links":{"self":[{"href":"https:\/\/arc-bagnolet-belleville.fr\/index.php\/wp-json\/wp\/v2\/pages\/430","targetHints":{"allow":["GET"]}}],"collection":[{"href":"https:\/\/arc-bagnolet-belleville.fr\/index.php\/wp-json\/wp\/v2\/pages"}],"about":[{"href":"https:\/\/arc-bagnolet-belleville.fr\/index.php\/wp-json\/wp\/v2\/types\/page"}],"author":[{"embeddable":true,"href":"https:\/\/arc-bagnolet-belleville.fr\/index.php\/wp-json\/wp\/v2\/users\/2"}],"replies":[{"embeddable":true,"href":"https:\/\/arc-bagnolet-belleville.fr\/index.php\/wp-json\/wp\/v2\/comments?post=430"}],"version-history":[{"count":4,"href":"https:\/\/arc-bagnolet-belleville.fr\/index.php\/wp-json\/wp\/v2\/pages\/430\/revisions"}],"predecessor-version":[{"id":693,"href":"https:\/\/arc-bagnolet-belleville.fr\/index.php\/wp-json\/wp\/v2\/pages\/430\/revisions\/693"}],"up":[{"embeddable":true,"href":"https:\/\/arc-bagnolet-belleville.fr\/index.php\/wp-json\/wp\/v2\/pages\/384"}],"wp:attachment":[{"href":"https:\/\/arc-bagnolet-belleville.fr\/index.php\/wp-json\/wp\/v2\/media?parent=430"}],"curies":[{"name":"wp","href":"https:\/\/api.w.org\/{rel}","templated":true}]}}