{"id":428,"date":"2024-07-11T17:10:20","date_gmt":"2024-07-11T15:10:20","guid":{"rendered":"https:\/\/arc-bagnolet-belleville.fr\/?page_id=428"},"modified":"2024-08-27T13:55:29","modified_gmt":"2024-08-27T11:55:29","slug":"resultats-2016","status":"publish","type":"page","link":"https:\/\/arc-bagnolet-belleville.fr\/index.php\/les-podiums\/resultats-2016\/","title":{"rendered":"R\u00e9sultats 2016"},"content":{"rendered":"\n<h3 class=\"wp-block-heading\">Tir en Salle (60 fl\u00e8ches \u00e0 18 m)<\/h3>\n\n\n\n<h4 class=\"wp-block-heading\">Individuel&nbsp;:<\/h4>\n\n\n\n<ul class=\"wp-block-list\">\n<li>LANDRY William:Senior Arc Classique, Champion d\u00e9partemental de la &nbsp;Seine Saint Denis<\/li>\n\n\n\n<li>LAMARCHE Chlo\u00e9: Junior Femme Arc Classique, Vice Championne d\u00e9partemental de la Seine Saint Denis<\/li>\n<\/ul>\n\n\n\n<h3 class=\"wp-block-heading\">Tir Beursault (tir traditionnel des archers&nbsp;: 40 fl\u00e8ches \u00e0 50 m)<\/h3>\n\n\n\n<h4 class=\"wp-block-heading\">Individuel&nbsp;:<\/h4>\n\n\n\n<ul class=\"wp-block-list\">\n<li>LEROUX Fran\u00e7oise : Super v\u00e9t\u00e9ran Femme arc Classique\n<ul class=\"wp-block-list\">\n<li>Vice Championne d\u00e9partemental de la Seine Saint Denis<\/li>\n\n\n\n<li>M\u00e9daille de Bronze &nbsp;r\u00e9gional \u00cele de France &nbsp;&nbsp;<\/li>\n<\/ul>\n<\/li>\n\n\n\n<li>GEGAUFF Pablo :Cadet homme arc Classique, \n<ul class=\"wp-block-list\">\n<li>Vice Champion d\u00e9partemental de la Seine Saint Denis<\/li>\n\n\n\n<li>Vice Champion r\u00e9gional ile de France<\/li>\n<\/ul>\n<\/li>\n\n\n\n<li>QUIE Alexis :Junior Homme arc classique, Vice Champion d\u00e9partemental de la Seine Saint Denis<\/li>\n\n\n\n<li>GERARD Jean-Louis :Super v\u00e9t\u00e9ran homme arc classique, Vice Champion d\u00e9partemental de la Seine Saint Denis<\/li>\n\n\n\n<li>LANDRY William : Senior arc classique\n<ul class=\"wp-block-list\">\n<li>Vice Champion d\u00e9partemental de la Seine Saint Denis &nbsp;&nbsp;<\/li>\n\n\n\n<li>M\u00e9daille de Bronze R\u00e9gional \u00cele de France<\/li>\n<\/ul>\n<\/li>\n<\/ul>\n\n\n\n<h4 class=\"wp-block-heading\">Equipe :<\/h4>\n\n\n\n<ul class=\"wp-block-list\">\n<li>&nbsp;Vice Championne d\u00e9partemental Junior CL de la Seine Saint Denis, avec: LANDRY William ,GEGAUFF Pablo, et LENGAY Rodolphe<\/li>\n<\/ul>\n\n\n\n<h3 class=\"wp-block-heading\">Tir FITA ( tir Olympique 72 fl\u00e8ches \u00e0 70 m)<\/h3>\n\n\n\n<h4 class=\"wp-block-heading\">Individuel:<\/h4>\n\n\n\n<ul class=\"wp-block-list\">\n<li>GEGAUFF Pablo :Cadet homme arc Classique, M\u00e9daille de Bronze au Championnat D\u00e9partemental Seine Saint Denis<\/li>\n\n\n\n<li>MERINE Jocelyne :V\u00e9t\u00e9ran Femme arc Classique, M\u00e9daille de Bronze au Championnat D\u00e9partemental Seine Saint Denis<\/li>\n\n\n\n<li>DAZIN Eric :super v\u00e9t\u00e9ran homme arc Classique, M\u00e9daille de Bronze au Championnat D\u00e9partemental Seine Saint Denis<\/li>\n\n\n\n<li>GERARD Jean-Louis :super v\u00e9t\u00e9ran homme arc classique, Vice Champion &nbsp;D\u00e9partemental Seine Saint Denis<\/li>\n\n\n\n<li>GERARD Jean-Louis :super v\u00e9t\u00e9ran homme arc \u00e0 poulies, Vice Champion &nbsp;D\u00e9partemental Seine Saint Denis<\/li>\n<\/ul>\n\n\n\n<h4 class=\"wp-block-heading\">\u00c9quipe Homme DRH (Division R\u00e9gionale Honneur)&nbsp;:<\/h4>\n\n\n\n<ul class=\"wp-block-list\">\n<li>La Division R\u00e9gionale Honneur est un concours qui r\u00e9unit 16 \u00e9quipes de toute la r\u00e9gion \u00cele de France . Il y a 3 concours, il faut pr\u00e9senter 4 tireurs qui font un Fita complet suivi de duels. L\u2019\u00e9quipe \u00e0 r\u00e9ussi \u00e0 se maintenir en DRH et \u00e9tait compos\u00e9e alternativement de William LANDRY, Rodolph LENGAY, Thomas ALBISSON, Pablo GEGAUFF, Jean-Pierre GEGAUFF, Alexis QUIE et Eric DAZIN.<\/li>\n<\/ul>\n\n\n\n<h4 class=\"wp-block-heading\">\u00c9quipe Femme DD (Division D\u00e9partementale)&nbsp;:<\/h4>\n\n\n\n<ul class=\"wp-block-list\">\n<li>L\u2019\u00e9quipe femme a termin\u00e9 2\u00e8me de la Division D\u00e9partementale et rejoindra l\u2019\u00e9quipe homme en Division R\u00e9gionale Honneur. L\u2019\u00e9quipe femme \u00e9tait compos\u00e9e de Lydia TYTGAT, Aur\u00e9lie LEFORT, Jocelyne MERINE et Eve GOUERY<\/li>\n<\/ul>\n\n\n\n<h4 class=\"wp-block-heading\">S\u00e9lectionn\u00e9s pour le championnat de France :<\/h4>\n\n\n\n<ul class=\"wp-block-list\">\n<li>LEROUX Fran\u00e7oise , <\/li>\n\n\n\n<li>GERARD Jean-Louis , <\/li>\n\n\n\n<li>LENGAY Rodolphe et <\/li>\n\n\n\n<li>GEGAUFF &nbsp;pablo<\/li>\n<\/ul>\n\n\n\n<h3 class=\"wp-block-heading\">Tir Archers carabiniers de Printemps(40 fl\u00e8ches sur cible Suisse)<\/h3>\n\n\n\n<h4 class=\"wp-block-heading\">Individuel : &nbsp;&nbsp;&nbsp;&nbsp;&nbsp;&nbsp;&nbsp;&nbsp;&nbsp;&nbsp;&nbsp;&nbsp;&nbsp;&nbsp;<\/h4>\n\n\n\n<ul class=\"wp-block-list\">\n<li>GERARD Jean-Louis &nbsp;&nbsp;&nbsp;: -Medaille de bronze &nbsp;Super v\u00e9t\u00e9ran Arc classique &nbsp;<\/li>\n<\/ul>\n\n\n\n<h4 class=\"wp-block-heading\">\u00c9quipe&nbsp;:<\/h4>\n\n\n\n<ul class=\"wp-block-list\">\n<li>par addition des 5 meilleurs scores par 5 tireurs diff\u00e9rents :  2\u00e8me avec William LANDRY, Jean-Louis GERARD, &nbsp;Jocelyne MERINE, Rodolphe LENGAY, Lydia TYTGAT.<\/li>\n<\/ul>\n\n\n\n<h3 class=\"wp-block-heading\">Tir Archers carabiniers d\u2019Automne (2 x 30 fl\u00e8ches par vol\u00e9e de 3 fl\u00e8ches sur cible Suisse \u00e0 50m)&nbsp;:<\/h3>\n\n\n\n<h4 class=\"wp-block-heading\">Individuel :<\/h4>\n\n\n\n<ul class=\"wp-block-list\">\n<li>Eric DAZIN 2\u00e8me en Super V\u00e9t\u00e9ran homme Arc classique<\/li>\n<\/ul>\n","protected":false},"excerpt":{"rendered":"<p>Tir en Salle (60 fl\u00e8ches \u00e0 18 m) Individuel&nbsp;: Tir Beursault (tir traditionnel des archers&nbsp;: 40 fl\u00e8ches \u00e0 50 m) Individuel&nbsp;: Equipe : Tir FITA ( tir Olympique 72 fl\u00e8ches \u00e0 70 m) Individuel: \u00c9quipe Homme DRH (Division R\u00e9gionale Honneur)&nbsp;: \u00c9quipe Femme DD (Division D\u00e9partementale)&nbsp;: S\u00e9lectionn\u00e9s pour le championnat de France : Tir Archers carabiniers [&hellip;]<\/p>\n","protected":false},"author":2,"featured_media":0,"parent":384,"menu_order":90,"comment_status":"closed","ping_status":"closed","template":"wp-custom-template-page-des-podiums","meta":{"_mc_calendar":[],"footnotes":""},"class_list":["post-428","page","type-page","status-publish","hentry"],"_links":{"self":[{"href":"https:\/\/arc-bagnolet-belleville.fr\/index.php\/wp-json\/wp\/v2\/pages\/428","targetHints":{"allow":["GET"]}}],"collection":[{"href":"https:\/\/arc-bagnolet-belleville.fr\/index.php\/wp-json\/wp\/v2\/pages"}],"about":[{"href":"https:\/\/arc-bagnolet-belleville.fr\/index.php\/wp-json\/wp\/v2\/types\/page"}],"author":[{"embeddable":true,"href":"https:\/\/arc-bagnolet-belleville.fr\/index.php\/wp-json\/wp\/v2\/users\/2"}],"replies":[{"embeddable":true,"href":"https:\/\/arc-bagnolet-belleville.fr\/index.php\/wp-json\/wp\/v2\/comments?post=428"}],"version-history":[{"count":5,"href":"https:\/\/arc-bagnolet-belleville.fr\/index.php\/wp-json\/wp\/v2\/pages\/428\/revisions"}],"predecessor-version":[{"id":694,"href":"https:\/\/arc-bagnolet-belleville.fr\/index.php\/wp-json\/wp\/v2\/pages\/428\/revisions\/694"}],"up":[{"embeddable":true,"href":"https:\/\/arc-bagnolet-belleville.fr\/index.php\/wp-json\/wp\/v2\/pages\/384"}],"wp:attachment":[{"href":"https:\/\/arc-bagnolet-belleville.fr\/index.php\/wp-json\/wp\/v2\/media?parent=428"}],"curies":[{"name":"wp","href":"https:\/\/api.w.org\/{rel}","templated":true}]}}