{"id":426,"date":"2024-07-11T17:10:20","date_gmt":"2024-07-11T15:10:20","guid":{"rendered":"https:\/\/arc-bagnolet-belleville.fr\/?page_id=426"},"modified":"2024-08-27T13:55:48","modified_gmt":"2024-08-27T11:55:48","slug":"resultats-2015","status":"publish","type":"page","link":"https:\/\/arc-bagnolet-belleville.fr\/index.php\/les-podiums\/resultats-2015\/","title":{"rendered":"R\u00e9sultats 2015"},"content":{"rendered":"\n<h3 class=\"wp-block-heading\">Tir en Salle (60 fl\u00e8ches \u00e0 18 m)&nbsp;&nbsp;&nbsp;&nbsp;&nbsp;<\/h3>\n\n\n\n<h4 class=\"wp-block-heading\">&nbsp;Individuel<\/h4>\n\n\n\n<ul class=\"wp-block-list\">\n<li>GEGAUFF Pablo: 3 &nbsp;\u00e8me Cadet homme (Championnat D\u00e9partemental Seine Saint Denis)<\/li>\n<\/ul>\n\n\n\n<h3 class=\"wp-block-heading\">Tir Beursault (tir traditionnel des archers&nbsp;: 40 fl\u00e8ches \u00e0 50 m)<\/h3>\n\n\n\n<h4 class=\"wp-block-heading\">Individuel&nbsp;:<\/h4>\n\n\n\n<ul class=\"wp-block-list\">\n<li>LEROUX Fran\u00e7oise : Super v\u00e9t\u00e9ran dame arc Classique&nbsp;2 &nbsp;\u00e8me &nbsp;au Championnat D\u00e9partemental Seine Saint Denis<\/li>\n\n\n\n<li>GEGAUFF Pablo :Cadet homme arc Classique 3 &nbsp;\u00e8me &nbsp;au Championnat D\u00e9partemental Seine Saint Denis<\/li>\n\n\n\n<li>WILINSKI Jean-Marie :V\u00e9t\u00e9ran homme arc &nbsp;poulie 3 &nbsp;\u00e8me &nbsp;au Championnat D\u00e9partemental Seine Saint Denis<\/li>\n\n\n\n<li>GERARD Jean-Louis :Super v\u00e9t\u00e9ran homme arc classique 3 &nbsp;\u00e8me &nbsp;au Championnat D\u00e9partemental Seine Saint Denis<\/li>\n\n\n\n<li>LANDRY William : Senior arc classique Champion de la r\u00e9gion \u00cele de France &nbsp;<\/li>\n<\/ul>\n\n\n\n<h4 class=\"wp-block-heading\">Equipe : <\/h4>\n\n\n\n<ul class=\"wp-block-list\">\n<li>2 &nbsp;\u00e8me au Championnat D\u00e9partemental Seine Saint Denis. Avec: LANDRY William ,GERARD Jean-louis, et LENGAY Rodolphe<\/li>\n<\/ul>\n\n\n\n<h4 class=\"wp-block-heading\">Challenge 2014 de la ronde des familles &nbsp;IDF<\/h4>\n\n\n\n<ul class=\"wp-block-list\">\n<li>1er GERARD Jean-Louis &nbsp;arc classique<\/li>\n<\/ul>\n\n\n\n<h4 class=\"wp-block-heading\">S\u00e9lectionn\u00e9s pour le championnat de France :<\/h4>\n\n\n\n<ul class=\"wp-block-list\">\n<li>LEROUX Fran\u00e7oise ,GERARD Jean-Louis et LANDRY William<\/li>\n<\/ul>\n\n\n\n<h3 class=\"wp-block-heading\">Tir FITA ( tir Olympique 72 fl\u00e8ches \u00e0 70 m)<\/h3>\n\n\n\n<h4 class=\"wp-block-heading\">Individuel:<\/h4>\n\n\n\n<ul class=\"wp-block-list\">\n<li>GERARD Jean-Louis :super v\u00e9t\u00e9ran homme arc classique, 3 &nbsp;\u00e8me &nbsp;&nbsp;&nbsp;(Championnat D\u00e9partemental Seine Saint Denis<\/li>\n<\/ul>\n\n\n\n<h3 class=\"wp-block-heading\">Tir F\u00e9d\u00e9ral &nbsp;( tir 72 fl\u00e8ches \u00e0 50m )&nbsp;<\/h3>\n\n\n\n<ul class=\"wp-block-list\">\n<li>LAMARCHE Chlo\u00e9, 2 \u00e8me &nbsp;(Championnat d\u00e9partemental &nbsp;Cadet &nbsp;&nbsp;arc &nbsp;classique)<\/li>\n\n\n\n<li>RAMFOS Floriane &nbsp;3 \u00e8me &nbsp;&nbsp;&nbsp;(Championnat d\u00e9partemental &nbsp;Cadet &nbsp;&nbsp;arc &nbsp;classique)<\/li>\n<\/ul>\n\n\n\n<h3 class=\"wp-block-heading\">Tir Archers carabiniers de Printemps(40 fl\u00e8ches sur cible Suisse)<\/h3>\n\n\n\n<h4 class=\"wp-block-heading\">Individuel :<\/h4>\n\n\n\n<ul class=\"wp-block-list\">\n<li>GEGAUFF Jean-Pierre &nbsp;: 1 &nbsp;er &nbsp;&nbsp;Veteran Arc classique<\/li>\n\n\n\n<li>GERARD Jean-Louis &nbsp;&nbsp;&nbsp;: 1 er &nbsp;Super v\u00e9t\u00e9ran Arc classique &nbsp;<\/li>\n\n\n\n<li>LENGAY Rodolphe &nbsp;&nbsp;&nbsp;&nbsp;&nbsp;: 2 &nbsp;\u00e8me Veteran Arc classique<\/li>\n\n\n\n<li>GEGAUFF Pablo &nbsp;&nbsp;&nbsp;&nbsp;&nbsp;&nbsp;&nbsp;&nbsp;: 2 &nbsp;\u00e8me Cadet Arc classique<\/li>\n\n\n\n<li>LEROUX Fran\u00e7oise &nbsp;&nbsp;&nbsp;&nbsp;&nbsp;: 3 &nbsp;\u00e8me &nbsp;Super v\u00e9t\u00e9ran Arc classique<\/li>\n<\/ul>\n\n\n\n<h4 class=\"wp-block-heading\">Equipe :<\/h4>\n\n\n\n<ul class=\"wp-block-list\">\n<li>2 &nbsp;\u00e8me avec :GEGAUFF Jean-Pierre ,GERARD Jean-louis, LENGAY Rodolphe , LANDRY William, LUCION Frederic<\/li>\n<\/ul>\n","protected":false},"excerpt":{"rendered":"<p>Tir en Salle (60 fl\u00e8ches \u00e0 18 m)&nbsp;&nbsp;&nbsp;&nbsp;&nbsp; &nbsp;Individuel Tir Beursault (tir traditionnel des archers&nbsp;: 40 fl\u00e8ches \u00e0 50 m) Individuel&nbsp;: Equipe : Challenge 2014 de la ronde des familles &nbsp;IDF S\u00e9lectionn\u00e9s pour le championnat de France : Tir FITA ( tir Olympique 72 fl\u00e8ches \u00e0 70 m) Individuel: Tir F\u00e9d\u00e9ral &nbsp;( tir 72 fl\u00e8ches [&hellip;]<\/p>\n","protected":false},"author":2,"featured_media":0,"parent":384,"menu_order":91,"comment_status":"closed","ping_status":"closed","template":"wp-custom-template-page-des-podiums","meta":{"_mc_calendar":[],"footnotes":""},"class_list":["post-426","page","type-page","status-publish","hentry"],"_links":{"self":[{"href":"https:\/\/arc-bagnolet-belleville.fr\/index.php\/wp-json\/wp\/v2\/pages\/426","targetHints":{"allow":["GET"]}}],"collection":[{"href":"https:\/\/arc-bagnolet-belleville.fr\/index.php\/wp-json\/wp\/v2\/pages"}],"about":[{"href":"https:\/\/arc-bagnolet-belleville.fr\/index.php\/wp-json\/wp\/v2\/types\/page"}],"author":[{"embeddable":true,"href":"https:\/\/arc-bagnolet-belleville.fr\/index.php\/wp-json\/wp\/v2\/users\/2"}],"replies":[{"embeddable":true,"href":"https:\/\/arc-bagnolet-belleville.fr\/index.php\/wp-json\/wp\/v2\/comments?post=426"}],"version-history":[{"count":4,"href":"https:\/\/arc-bagnolet-belleville.fr\/index.php\/wp-json\/wp\/v2\/pages\/426\/revisions"}],"predecessor-version":[{"id":695,"href":"https:\/\/arc-bagnolet-belleville.fr\/index.php\/wp-json\/wp\/v2\/pages\/426\/revisions\/695"}],"up":[{"embeddable":true,"href":"https:\/\/arc-bagnolet-belleville.fr\/index.php\/wp-json\/wp\/v2\/pages\/384"}],"wp:attachment":[{"href":"https:\/\/arc-bagnolet-belleville.fr\/index.php\/wp-json\/wp\/v2\/media?parent=426"}],"curies":[{"name":"wp","href":"https:\/\/api.w.org\/{rel}","templated":true}]}}