{"id":424,"date":"2024-07-11T17:10:20","date_gmt":"2024-07-11T15:10:20","guid":{"rendered":"https:\/\/arc-bagnolet-belleville.fr\/?page_id=424"},"modified":"2024-08-27T13:56:31","modified_gmt":"2024-08-27T11:56:31","slug":"resultats-2014","status":"publish","type":"page","link":"https:\/\/arc-bagnolet-belleville.fr\/index.php\/les-podiums\/resultats-2014\/","title":{"rendered":"R\u00e9sultats 2014"},"content":{"rendered":"\n<h3 class=\"wp-block-heading\">Tir Beursault (tir traditionnel des archers&nbsp;: 40 fl\u00e8ches \u00e0 50 m)<\/h3>\n\n\n\n<h4 class=\"wp-block-heading\">Individuel&nbsp;:<\/h4>\n\n\n\n<ul class=\"wp-block-list\">\n<li>LEROUX Fran\u00e7oise : Super V\u00e9t\u00e9ran arc Classique&nbsp;Championne D\u00e9partemental Seine Saint Denis<\/li>\n<\/ul>\n\n\n\n<h4 class=\"wp-block-heading\">S\u00e9lectionn\u00e9s pour le championnat de France :<\/h4>\n\n\n\n<ul class=\"wp-block-list\">\n<li>LEROUX Fran\u00e7oise ,<\/li>\n\n\n\n<li>GERARD Jean-Louis <\/li>\n\n\n\n<li>et LANDRY William<\/li>\n<\/ul>\n\n\n\n<h4 class=\"wp-block-heading\">Challenge 2013 de la ronde des familles de l&rsquo;Ile de France<\/h4>\n\n\n\n<ul class=\"wp-block-list\">\n<li>2 &nbsp;&nbsp;\u00e8me &nbsp;GERARD Jean-Louis, &nbsp;arc classique<\/li>\n<\/ul>\n\n\n\n<h4 class=\"wp-block-heading\">Tir du Bouquet Provincial 2014 &nbsp;:<\/h4>\n\n\n\n<h5 class=\"wp-block-heading\">Classement aux chapelets par \u00e9quipe<\/h5>\n\n\n\n<ul class=\"wp-block-list\">\n<li>Bagnolet Belleville : 6 sur 91 Compagnies<\/li>\n<\/ul>\n\n\n\n<h5 class=\"wp-block-heading\">Classement \u00e0 l&rsquo;honneur par \u00e9quipe<\/h5>\n\n\n\n<ul class=\"wp-block-list\">\n<li>Bagnolet Belleville : 7 sur 91 Compagnies\n<ul class=\"wp-block-list\">\n<li>Avec:LANDRY William, ALBISSON Thomas ,GERARD Jean-Louis ,GEGAUFF Jean-Pierre,LEROUX Fran\u00e7oise et TYGAT Lydia<\/li>\n<\/ul>\n<\/li>\n<\/ul>\n\n\n\n<h3 class=\"wp-block-heading\">Tir Jeunes<\/h3>\n\n\n\n<h4 class=\"wp-block-heading\">Individuel :<\/h4>\n\n\n\n<ul class=\"wp-block-list\">\n<li>HENRYE Marc, 4 \u00e8me, minime homme &#8211; 1 an de tir <\/li>\n\n\n\n<li>LAMARCHE Chlo\u00e9, 2 \u00e8me, cadet fille +1 an de tir<\/li>\n\n\n\n<li>RAMFOS Floriane, 3 gemme, cadet fille + 1 an de tir<\/li>\n\n\n\n<li>GEGAUFF Pablo, 1er, cadet homme + 1 an de tir<\/li>\n<\/ul>\n\n\n\n<h3 class=\"wp-block-heading\">Tir Archers carabiniers de Printemps(40 fl\u00e8ches sur cible Suisse)<\/h3>\n\n\n\n<h4 class=\"wp-block-heading\">Individuel :<\/h4>\n\n\n\n<ul class=\"wp-block-list\">\n<li>LEROUX Fran\u00e7oise :2 &nbsp;\u00e8me Super v\u00e9t\u00e9ran Arc classique <\/li>\n\n\n\n<li>GERARD Jean-Louis : 2 &nbsp;\u00e8me Super v\u00e9t\u00e9ran Arc classique &nbsp;<\/li>\n\n\n\n<li>LOZINGUEZ Thibault: 3 &nbsp;\u00e8me Junior Arc classique<\/li>\n<\/ul>\n\n\n\n<h4 class=\"wp-block-heading\">Equipe :<\/h4>\n\n\n\n<ul class=\"wp-block-list\">\n<li>3 &nbsp;\u00e8me avec : TYTGAT Lydia , LANDRY William ,GERARD Jean-louis, GEGAUFF Jean-Pierre,et LENGAY Rodolphe<\/li>\n<\/ul>\n\n\n\n<h3 class=\"wp-block-heading\">Tir Archers carabiniers de Automne(60 fl\u00e8ches sur cible Suisse)<\/h3>\n\n\n\n<h4 class=\"wp-block-heading\">Equipe Classique Mixte:<\/h4>\n\n\n\n<ul class=\"wp-block-list\">\n<li>3 &nbsp;\u00e8me avec :ALBISSON Thomas ,LENGAY Rodolphe et DAZIN Eric<\/li>\n<\/ul>\n\n\n\n<h3 class=\"wp-block-heading\">Tir FITA finale des Divisions D\u00e9partementales<\/h3>\n\n\n\n<ul class=\"wp-block-list\">\n<li>2 \u00e8me Bagnolet Belleville avec : LANDRY William, &nbsp;ALBISSON Thomas , LENGAY Rodolphe et DAZIN &nbsp;Eric<\/li>\n<\/ul>\n","protected":false},"excerpt":{"rendered":"<p>Tir Beursault (tir traditionnel des archers&nbsp;: 40 fl\u00e8ches \u00e0 50 m) Individuel&nbsp;: S\u00e9lectionn\u00e9s pour le championnat de France : Challenge 2013 de la ronde des familles de l&rsquo;Ile de France Tir du Bouquet Provincial 2014 &nbsp;: Classement aux chapelets par \u00e9quipe Classement \u00e0 l&rsquo;honneur par \u00e9quipe Tir Jeunes Individuel : Tir Archers carabiniers de Printemps(40 [&hellip;]<\/p>\n","protected":false},"author":2,"featured_media":0,"parent":384,"menu_order":92,"comment_status":"closed","ping_status":"closed","template":"wp-custom-template-page-des-podiums","meta":{"_mc_calendar":[],"footnotes":""},"class_list":["post-424","page","type-page","status-publish","hentry"],"_links":{"self":[{"href":"https:\/\/arc-bagnolet-belleville.fr\/index.php\/wp-json\/wp\/v2\/pages\/424","targetHints":{"allow":["GET"]}}],"collection":[{"href":"https:\/\/arc-bagnolet-belleville.fr\/index.php\/wp-json\/wp\/v2\/pages"}],"about":[{"href":"https:\/\/arc-bagnolet-belleville.fr\/index.php\/wp-json\/wp\/v2\/types\/page"}],"author":[{"embeddable":true,"href":"https:\/\/arc-bagnolet-belleville.fr\/index.php\/wp-json\/wp\/v2\/users\/2"}],"replies":[{"embeddable":true,"href":"https:\/\/arc-bagnolet-belleville.fr\/index.php\/wp-json\/wp\/v2\/comments?post=424"}],"version-history":[{"count":6,"href":"https:\/\/arc-bagnolet-belleville.fr\/index.php\/wp-json\/wp\/v2\/pages\/424\/revisions"}],"predecessor-version":[{"id":696,"href":"https:\/\/arc-bagnolet-belleville.fr\/index.php\/wp-json\/wp\/v2\/pages\/424\/revisions\/696"}],"up":[{"embeddable":true,"href":"https:\/\/arc-bagnolet-belleville.fr\/index.php\/wp-json\/wp\/v2\/pages\/384"}],"wp:attachment":[{"href":"https:\/\/arc-bagnolet-belleville.fr\/index.php\/wp-json\/wp\/v2\/media?parent=424"}],"curies":[{"name":"wp","href":"https:\/\/api.w.org\/{rel}","templated":true}]}}