{"id":422,"date":"2024-07-11T17:10:20","date_gmt":"2024-07-11T15:10:20","guid":{"rendered":"https:\/\/arc-bagnolet-belleville.fr\/?page_id=422"},"modified":"2024-08-27T13:56:48","modified_gmt":"2024-08-27T11:56:48","slug":"resultats-2013","status":"publish","type":"page","link":"https:\/\/arc-bagnolet-belleville.fr\/index.php\/les-podiums\/resultats-2013\/","title":{"rendered":"R\u00e9sultats 2013"},"content":{"rendered":"\n<h3 class=\"wp-block-heading\">Tir Beursault (tir traditionnel des archers : 40 fl\u00e8ches \u00e0 50 m)<\/h3>\n\n\n\n<h4 class=\"wp-block-heading\">Individuel :<\/h4>\n\n\n\n<ul class=\"wp-block-list\">\n<li>GEGAUFF Jean-Pierre: V\u00e9t\u00e9ran arc classique \n<ul class=\"wp-block-list\">\n<li>2 \u00e8me au Championnat D\u00e9partemental Seine Saint Denis<\/li>\n<\/ul>\n<\/li>\n\n\n\n<li>LEROUX Fran\u00e7oise : Super V\u00e9t\u00e9ran arc Classique \n<ul class=\"wp-block-list\">\n<li>2 \u00e8me au Championnat D\u00e9partemental Seine Saint Denis<\/li>\n<\/ul>\n<\/li>\n\n\n\n<li>LANDRY William : Senior arc classique \n<ul class=\"wp-block-list\">\n<li>3 \u00e8me au Championnat D\u00e9partemental Seine Saint Denis<\/li>\n<\/ul>\n<\/li>\n<\/ul>\n\n\n\n<h4 class=\"wp-block-heading\">Equipe Arc \u00e0 Poulie:<\/h4>\n\n\n\n<ul class=\"wp-block-list\">\n<li>3 \u00e8me avec Jean-Marie ,Alain et Rodolphe<\/li>\n\n\n\n<li>S\u00e9lectionn\u00e9s pour le championnat de France :\n<ul class=\"wp-block-list\">\n<li>LEROUX Fran\u00e7oise ,GEGAUFF Jean-Pierre<\/li>\n\n\n\n<li>GERARD Jean-Louis et LANDRY William<\/li>\n<\/ul>\n<\/li>\n<\/ul>\n\n\n\n<h3 class=\"wp-block-heading\">Tir Archers carabiniers de Printemps(40 fl\u00e8ches sur cible Suisse)<\/h3>\n\n\n\n<h4 class=\"wp-block-heading\">Individuel :<\/h4>\n\n\n\n<ul class=\"wp-block-list\">\n<li>GEGAUFF Pablo: 1er &nbsp;&nbsp;Minime &nbsp;Arc classique<\/li>\n\n\n\n<li>GERARD Jean-Louis : 1er &nbsp;Super v\u00e9t\u00e9ran Arc classique &nbsp;<\/li>\n\n\n\n<li>PRIGENT Alain &nbsp;: 3 \u00e8me &nbsp;Super V\u00e9t\u00e9ran Arc \u00e0 poulie<\/li>\n<\/ul>\n\n\n\n<h3 class=\"wp-block-heading\">Coupe de la famille de NOISY LE SEC<\/h3>\n\n\n\n<h4 class=\"wp-block-heading\">Par \u00e9quipe<\/h4>\n\n\n\n<ul class=\"wp-block-list\">\n<li>2\u00e8me de la Coupe Gis\u00e8le Huch\u00e9, avec : Alain , &nbsp;Emmanuel &nbsp;, Rodolphe &nbsp;et Jean-Marie<\/li>\n<\/ul>\n","protected":false},"excerpt":{"rendered":"<p>Tir Beursault (tir traditionnel des archers : 40 fl\u00e8ches \u00e0 50 m) Individuel : Equipe Arc \u00e0 Poulie: Tir Archers carabiniers de Printemps(40 fl\u00e8ches sur cible Suisse) Individuel : Coupe de la famille de NOISY LE SEC Par \u00e9quipe<\/p>\n","protected":false},"author":2,"featured_media":0,"parent":384,"menu_order":93,"comment_status":"closed","ping_status":"closed","template":"wp-custom-template-page-des-podiums","meta":{"_mc_calendar":[],"footnotes":""},"class_list":["post-422","page","type-page","status-publish","hentry"],"_links":{"self":[{"href":"https:\/\/arc-bagnolet-belleville.fr\/index.php\/wp-json\/wp\/v2\/pages\/422","targetHints":{"allow":["GET"]}}],"collection":[{"href":"https:\/\/arc-bagnolet-belleville.fr\/index.php\/wp-json\/wp\/v2\/pages"}],"about":[{"href":"https:\/\/arc-bagnolet-belleville.fr\/index.php\/wp-json\/wp\/v2\/types\/page"}],"author":[{"embeddable":true,"href":"https:\/\/arc-bagnolet-belleville.fr\/index.php\/wp-json\/wp\/v2\/users\/2"}],"replies":[{"embeddable":true,"href":"https:\/\/arc-bagnolet-belleville.fr\/index.php\/wp-json\/wp\/v2\/comments?post=422"}],"version-history":[{"count":4,"href":"https:\/\/arc-bagnolet-belleville.fr\/index.php\/wp-json\/wp\/v2\/pages\/422\/revisions"}],"predecessor-version":[{"id":697,"href":"https:\/\/arc-bagnolet-belleville.fr\/index.php\/wp-json\/wp\/v2\/pages\/422\/revisions\/697"}],"up":[{"embeddable":true,"href":"https:\/\/arc-bagnolet-belleville.fr\/index.php\/wp-json\/wp\/v2\/pages\/384"}],"wp:attachment":[{"href":"https:\/\/arc-bagnolet-belleville.fr\/index.php\/wp-json\/wp\/v2\/media?parent=422"}],"curies":[{"name":"wp","href":"https:\/\/api.w.org\/{rel}","templated":true}]}}