{"id":419,"date":"2024-07-11T17:10:48","date_gmt":"2024-07-11T15:10:48","guid":{"rendered":"https:\/\/arc-bagnolet-belleville.fr\/?page_id=419"},"modified":"2024-08-27T13:57:06","modified_gmt":"2024-08-27T11:57:06","slug":"resultats-2012","status":"publish","type":"page","link":"https:\/\/arc-bagnolet-belleville.fr\/index.php\/les-podiums\/resultats-2012\/","title":{"rendered":"R\u00e9sultats 2012"},"content":{"rendered":"\n<h3 class=\"wp-block-heading\">Tournoi inter club de la Seine Saint Denis ( 6 fl\u00e8ches en 2 minutes \u00e0 18 m)<\/h3>\n\n\n\n<h4 class=\"wp-block-heading\"><br>Par \u00e9quipe :<\/h4>\n\n\n\n<ul class=\"wp-block-list\">\n<li>6 \u00e8me Place pour l&rsquo; \u00e9quipe de Bagnolet- Belleville avec : Jean-Pierre Gegauff, Eric Dazin et Jean-Louis Gerard (Observateur et Coach: Liliane et Herv\u00e9 Codevelle)<\/li>\n<\/ul>\n\n\n\n<h3 class=\"wp-block-heading\">Tir Beursault (tir traditionnel des archers : 40 fl\u00e8ches \u00e0 50 m)<\/h3>\n\n\n\n<h4 class=\"wp-block-heading\">Individuel :<\/h4>\n\n\n\n<ul class=\"wp-block-list\">\n<li>GERARD Jean-Louis : 3\u00e8me au Championnat D\u00e9partemental Seine Saint Denis<\/li>\n<\/ul>\n\n\n\n<h4 class=\"wp-block-heading\">Challenge 2011 de la ronde des familles de l&rsquo;Ile de France : <\/h4>\n\n\n\n<ul class=\"wp-block-list\">\n<li>1er GERARD Jean-Louis arc classique<\/li>\n\n\n\n<li>3\u00e8me DAZIN Eric arc classique<\/li>\n<\/ul>\n\n\n\n<h3 class=\"wp-block-heading\">Tir Archers carabiniers de Printemps(40 fl\u00e8ches sur cible Suisse)<\/h3>\n\n\n\n<h4 class=\"wp-block-heading\">Individuel :<\/h4>\n\n\n\n<ul class=\"wp-block-list\">\n<li>1er Super v\u00e9t\u00e9ran GERARD Jean-Louis<\/li>\n\n\n\n<li>GEGAUFF Jean-Pierre Prix sp\u00e9cial Achers Carabiniers (m\u00e9daille)<\/li>\n<\/ul>\n\n\n\n<h4 class=\"wp-block-heading\">Par Equipe :<\/h4>\n\n\n\n<ul class=\"wp-block-list\">\n<li>2\u00e8me au prix Paul Silvi (la somme des 3 meilleures Noirs r\u00e9alis\u00e9s par une Compagnie) avec : MARTOS RODRIGUEZ Julian et DAZIN Eric<\/li>\n<\/ul>\n\n\n\n<h3 class=\"wp-block-heading\">Coupe de la famille de NOISY LE SEC<\/h3>\n\n\n\n<ul class=\"wp-block-list\">\n<li>Coupe Bourdonneau-LeRouge\n<ul class=\"wp-block-list\">\n<li>\u00bc de finale<\/li>\n<\/ul>\n<\/li>\n\n\n\n<li>Coupe Gis\u00e8le Huch\u00e9\n<ul class=\"wp-block-list\">\n<li>4\u00e8me (WILINSKI Jean-Marie ,PRIGENT Alain et ANDRADE Fernando)<\/li>\n<\/ul>\n<\/li>\n\n\n\n<li>Coupe de Rosny\n<ul class=\"wp-block-list\">\n<li>2\u00e8me (LEROUX Fran\u00e7oise, GEGAUFF Jean-Pierre et GERARD Jean-Louis)<\/li>\n<\/ul>\n<\/li>\n<\/ul>\n","protected":false},"excerpt":{"rendered":"<p>Tournoi inter club de la Seine Saint Denis ( 6 fl\u00e8ches en 2 minutes \u00e0 18 m) Par \u00e9quipe : Tir Beursault (tir traditionnel des archers : 40 fl\u00e8ches \u00e0 50 m) Individuel : Challenge 2011 de la ronde des familles de l&rsquo;Ile de France : Tir Archers carabiniers de Printemps(40 fl\u00e8ches sur cible Suisse) [&hellip;]<\/p>\n","protected":false},"author":2,"featured_media":0,"parent":384,"menu_order":94,"comment_status":"closed","ping_status":"closed","template":"wp-custom-template-page-des-podiums","meta":{"_mc_calendar":[],"footnotes":""},"class_list":["post-419","page","type-page","status-publish","hentry"],"_links":{"self":[{"href":"https:\/\/arc-bagnolet-belleville.fr\/index.php\/wp-json\/wp\/v2\/pages\/419","targetHints":{"allow":["GET"]}}],"collection":[{"href":"https:\/\/arc-bagnolet-belleville.fr\/index.php\/wp-json\/wp\/v2\/pages"}],"about":[{"href":"https:\/\/arc-bagnolet-belleville.fr\/index.php\/wp-json\/wp\/v2\/types\/page"}],"author":[{"embeddable":true,"href":"https:\/\/arc-bagnolet-belleville.fr\/index.php\/wp-json\/wp\/v2\/users\/2"}],"replies":[{"embeddable":true,"href":"https:\/\/arc-bagnolet-belleville.fr\/index.php\/wp-json\/wp\/v2\/comments?post=419"}],"version-history":[{"count":5,"href":"https:\/\/arc-bagnolet-belleville.fr\/index.php\/wp-json\/wp\/v2\/pages\/419\/revisions"}],"predecessor-version":[{"id":698,"href":"https:\/\/arc-bagnolet-belleville.fr\/index.php\/wp-json\/wp\/v2\/pages\/419\/revisions\/698"}],"up":[{"embeddable":true,"href":"https:\/\/arc-bagnolet-belleville.fr\/index.php\/wp-json\/wp\/v2\/pages\/384"}],"wp:attachment":[{"href":"https:\/\/arc-bagnolet-belleville.fr\/index.php\/wp-json\/wp\/v2\/media?parent=419"}],"curies":[{"name":"wp","href":"https:\/\/api.w.org\/{rel}","templated":true}]}}