{"id":415,"date":"2024-07-11T17:10:48","date_gmt":"2024-07-11T15:10:48","guid":{"rendered":"https:\/\/arc-bagnolet-belleville.fr\/?page_id=415"},"modified":"2024-08-27T13:57:51","modified_gmt":"2024-08-27T11:57:51","slug":"resultats-2010","status":"publish","type":"page","link":"https:\/\/arc-bagnolet-belleville.fr\/index.php\/les-podiums\/resultats-2010\/","title":{"rendered":"Resultats 2010"},"content":{"rendered":"\n<h3 class=\"wp-block-heading\">Tir Beursault (tir traditionnel des archers&nbsp;: 40 fl\u00e8ches \u00e0 50 m)<\/h3>\n\n\n\n<h4 class=\"wp-block-heading\">Individuel&nbsp;:<\/h4>\n\n\n\n<div class=\"wp-block-media-text has-media-on-the-right is-stacked-on-mobile\" style=\"grid-template-columns:auto 23%\"><div class=\"wp-block-media-text__content\">\n<ul class=\"wp-block-list\">\n<li>BENARD jean :&nbsp;\n<ul class=\"wp-block-list\">\n<li>Champion D\u00e9partemental Arc droit de la Seine Saint Denis &nbsp;<\/li>\n<\/ul>\n<\/li>\n\n\n\n<li>GERARD Jean-Louis :\n<ul class=\"wp-block-list\">\n<li>3 \u00e8me SVH &nbsp;D\u00e9partemental Arc Classique de la Seine Saint Denis<\/li>\n\n\n\n<li>Champion de la r\u00e9gion \u00cele de France &nbsp;SVH Arc Classique<\/li>\n\n\n\n<li>M\u00e9daille de Bronze au Championnat de France &nbsp;&nbsp;SVH &nbsp;Arc &nbsp;Classique<\/li>\n<\/ul>\n<\/li>\n<\/ul>\n<\/div><figure class=\"wp-block-media-text__media\"><img loading=\"lazy\" decoding=\"async\" width=\"171\" height=\"178\" src=\"https:\/\/arc-bagnolet-belleville.fr\/wp-content\/uploads\/2024\/07\/Medaille2010.jpg\" alt=\"\" class=\"wp-image-497 size-full\"\/><\/figure><\/div>\n\n\n\n<ul class=\"wp-block-list\">\n<li><\/li>\n<\/ul>\n\n\n\n<h3 class=\"wp-block-heading\">Tir Archers carabiniers de Printemps(40 fl\u00e8ches sur cible Suisse)<\/h3>\n\n\n\n<h4 class=\"wp-block-heading\">Individuel :<\/h4>\n\n\n\n<ul class=\"wp-block-list\">\n<li>GERARD Jean-Louis &nbsp;&nbsp;&nbsp;&nbsp;&nbsp;&nbsp;&nbsp;2 \u00e8me SVH Arc Classique<\/li>\n<\/ul>\n\n\n\n<h3 class=\"wp-block-heading\">Tir Archers carabiniers d&rsquo;Automne<\/h3>\n\n\n\n<h4 class=\"wp-block-heading\">Individuel :<\/h4>\n\n\n\n<ul class=\"wp-block-list\">\n<li>BENARD Jean &nbsp;:&nbsp;&nbsp;2 \u00e8me &nbsp;&nbsp;SVH &nbsp;Arc droit<\/li>\n<\/ul>\n\n\n\n<h3 class=\"wp-block-heading\">Tir au Drapeau (Compagnie de Sevran)<\/h3>\n\n\n\n<h4 class=\"wp-block-heading\">Individuel :&nbsp;&nbsp;<\/h4>\n\n\n\n<ul class=\"wp-block-list\">\n<li>BENARD Jean &nbsp;:&nbsp;&nbsp;2 \u00e8me &nbsp;&nbsp;SVH &nbsp;Arc droit<\/li>\n<\/ul>\n","protected":false},"excerpt":{"rendered":"<p>Tir Beursault (tir traditionnel des archers&nbsp;: 40 fl\u00e8ches \u00e0 50 m) Individuel&nbsp;: Tir Archers carabiniers de Printemps(40 fl\u00e8ches sur cible Suisse) Individuel : Tir Archers carabiniers d&rsquo;Automne Individuel : Tir au Drapeau (Compagnie de Sevran) Individuel :&nbsp;&nbsp;<\/p>\n","protected":false},"author":2,"featured_media":0,"parent":384,"menu_order":96,"comment_status":"closed","ping_status":"closed","template":"wp-custom-template-page-des-podiums","meta":{"_mc_calendar":[],"footnotes":""},"class_list":["post-415","page","type-page","status-publish","hentry"],"_links":{"self":[{"href":"https:\/\/arc-bagnolet-belleville.fr\/index.php\/wp-json\/wp\/v2\/pages\/415","targetHints":{"allow":["GET"]}}],"collection":[{"href":"https:\/\/arc-bagnolet-belleville.fr\/index.php\/wp-json\/wp\/v2\/pages"}],"about":[{"href":"https:\/\/arc-bagnolet-belleville.fr\/index.php\/wp-json\/wp\/v2\/types\/page"}],"author":[{"embeddable":true,"href":"https:\/\/arc-bagnolet-belleville.fr\/index.php\/wp-json\/wp\/v2\/users\/2"}],"replies":[{"embeddable":true,"href":"https:\/\/arc-bagnolet-belleville.fr\/index.php\/wp-json\/wp\/v2\/comments?post=415"}],"version-history":[{"count":5,"href":"https:\/\/arc-bagnolet-belleville.fr\/index.php\/wp-json\/wp\/v2\/pages\/415\/revisions"}],"predecessor-version":[{"id":700,"href":"https:\/\/arc-bagnolet-belleville.fr\/index.php\/wp-json\/wp\/v2\/pages\/415\/revisions\/700"}],"up":[{"embeddable":true,"href":"https:\/\/arc-bagnolet-belleville.fr\/index.php\/wp-json\/wp\/v2\/pages\/384"}],"wp:attachment":[{"href":"https:\/\/arc-bagnolet-belleville.fr\/index.php\/wp-json\/wp\/v2\/media?parent=415"}],"curies":[{"name":"wp","href":"https:\/\/api.w.org\/{rel}","templated":true}]}}