{"id":413,"date":"2024-07-11T17:10:48","date_gmt":"2024-07-11T15:10:48","guid":{"rendered":"https:\/\/arc-bagnolet-belleville.fr\/?page_id=413"},"modified":"2024-08-27T13:58:12","modified_gmt":"2024-08-27T11:58:12","slug":"resultats-2009","status":"publish","type":"page","link":"https:\/\/arc-bagnolet-belleville.fr\/index.php\/les-podiums\/resultats-2009\/","title":{"rendered":"R\u00e9sultats 2009"},"content":{"rendered":"\n<h3 class=\"wp-block-heading\">Tir Beursault (tir traditionnel des archers&nbsp;: 40 fl\u00e8ches \u00e0 50 m)<\/h3>\n\n\n\n<h4 class=\"wp-block-heading\">Individuel&nbsp;:<\/h4>\n\n\n\n<ul class=\"wp-block-list\">\n<li>GERARD Jean-Louis :\n<ul class=\"wp-block-list\">\n<li>Champion D\u00e9partemental Super V\u00e9t\u00e9ran Seine Saint Denis &nbsp;<\/li>\n\n\n\n<li>et 10 \u00e8me &nbsp;au Championnat de France &nbsp;<\/li>\n<\/ul>\n<\/li>\n<\/ul>\n\n\n\n<h3 class=\"wp-block-heading\"><br>Tir Archers carabiniers de Printemps(40 fl\u00e8ches sur cible Suisse)&nbsp;&nbsp;&nbsp;&nbsp;&nbsp;&nbsp;&nbsp;&nbsp;&nbsp;&nbsp;<\/h3>\n\n\n\n<h4 class=\"wp-block-heading\">Individuel :<\/h4>\n\n\n\n<ul class=\"wp-block-list\">\n<li>GEGAUFF Jean-Pierre : &nbsp;&nbsp;&nbsp;3 \u00e8me &nbsp;SH<\/li>\n\n\n\n<li>GERARD Jean-Louis :&nbsp;&nbsp;&nbsp;&nbsp;&nbsp;&nbsp;&nbsp;3 \u00e8me SVH<\/li>\n<\/ul>\n\n\n\n<h3 class=\"wp-block-heading\">Tir au Drapeau (Compagnie de Sevran)<\/h3>\n\n\n\n<h4 class=\"wp-block-heading\">Individuel :<\/h4>\n\n\n\n<ul class=\"wp-block-list\">\n<li>BENARD Jean &nbsp;&nbsp;&nbsp;1 er &nbsp;SVH <\/li>\n\n\n\n<li>DAZIN Eric &nbsp;&nbsp;&nbsp;&nbsp;&nbsp;&nbsp;2 \u00e8me &nbsp;&nbsp;VH<\/li>\n<\/ul>\n\n\n\n<h4 class=\"wp-block-heading\">Par \u00e9quipe :<\/h4>\n\n\n\n<ul class=\"wp-block-list\">\n<li>4\u00e8me &nbsp;avec :BENARD Jean ,DAZIN Eric et GEGAUFF JP, &nbsp;&nbsp;<\/li>\n<\/ul>\n","protected":false},"excerpt":{"rendered":"<p>Tir Beursault (tir traditionnel des archers&nbsp;: 40 fl\u00e8ches \u00e0 50 m) Individuel&nbsp;: Tir Archers carabiniers de Printemps(40 fl\u00e8ches sur cible Suisse)&nbsp;&nbsp;&nbsp;&nbsp;&nbsp;&nbsp;&nbsp;&nbsp;&nbsp;&nbsp; Individuel : Tir au Drapeau (Compagnie de Sevran) Individuel : Par \u00e9quipe :<\/p>\n","protected":false},"author":2,"featured_media":0,"parent":384,"menu_order":97,"comment_status":"closed","ping_status":"closed","template":"wp-custom-template-page-des-podiums","meta":{"_mc_calendar":[],"footnotes":""},"class_list":["post-413","page","type-page","status-publish","hentry"],"_links":{"self":[{"href":"https:\/\/arc-bagnolet-belleville.fr\/index.php\/wp-json\/wp\/v2\/pages\/413","targetHints":{"allow":["GET"]}}],"collection":[{"href":"https:\/\/arc-bagnolet-belleville.fr\/index.php\/wp-json\/wp\/v2\/pages"}],"about":[{"href":"https:\/\/arc-bagnolet-belleville.fr\/index.php\/wp-json\/wp\/v2\/types\/page"}],"author":[{"embeddable":true,"href":"https:\/\/arc-bagnolet-belleville.fr\/index.php\/wp-json\/wp\/v2\/users\/2"}],"replies":[{"embeddable":true,"href":"https:\/\/arc-bagnolet-belleville.fr\/index.php\/wp-json\/wp\/v2\/comments?post=413"}],"version-history":[{"count":3,"href":"https:\/\/arc-bagnolet-belleville.fr\/index.php\/wp-json\/wp\/v2\/pages\/413\/revisions"}],"predecessor-version":[{"id":701,"href":"https:\/\/arc-bagnolet-belleville.fr\/index.php\/wp-json\/wp\/v2\/pages\/413\/revisions\/701"}],"up":[{"embeddable":true,"href":"https:\/\/arc-bagnolet-belleville.fr\/index.php\/wp-json\/wp\/v2\/pages\/384"}],"wp:attachment":[{"href":"https:\/\/arc-bagnolet-belleville.fr\/index.php\/wp-json\/wp\/v2\/media?parent=413"}],"curies":[{"name":"wp","href":"https:\/\/api.w.org\/{rel}","templated":true}]}}