{"id":409,"date":"2024-07-11T17:10:48","date_gmt":"2024-07-11T15:10:48","guid":{"rendered":"https:\/\/arc-bagnolet-belleville.fr\/?page_id=409"},"modified":"2024-08-27T13:51:16","modified_gmt":"2024-08-27T11:51:16","slug":"resultats-2007","status":"publish","type":"page","link":"https:\/\/arc-bagnolet-belleville.fr\/index.php\/les-podiums\/resultats-2007\/","title":{"rendered":"R\u00e9sultats 2007"},"content":{"rendered":"\n<h3 class=\"wp-block-heading\">Tir Archers carabiniers de Printemps(40 fl\u00e8ches sur cible Suisse)<\/h3>\n\n\n\n<h4 class=\"wp-block-heading\">Par \u00e9quipe : <\/h4>\n\n\n\n<ul class=\"wp-block-list\">\n<li>3\u00e8me &nbsp;avec ALBISSON &nbsp;T , BENARD &nbsp;J , GEGAUFF &nbsp;J-P, &nbsp;&nbsp;GERARD &nbsp;J-L , PRIGENT &nbsp;A ,<\/li>\n<\/ul>\n\n\n\n<h4 class=\"wp-block-heading\">Individuel : <\/h4>\n\n\n\n<ul class=\"wp-block-list\">\n<li>GERARD Jean-Louis : 1er &nbsp;Super v\u00e9t\u00e9ran <\/li>\n\n\n\n<li>GEGAUFF Jean-Pierre : 2\u00e8me Senior<\/li>\n<\/ul>\n\n\n\n<h3 class=\"wp-block-heading\">Tir FITA ( tir Olympique 72 fl\u00e8ches \u00e0 70 m)<\/h3>\n\n\n\n<h4 class=\"wp-block-heading\">Individuel: <\/h4>\n\n\n\n<ul class=\"wp-block-list\">\n<li>GERARD Jean-Louis : \n<ul class=\"wp-block-list\">\n<li>Vice champion D\u00e9partemental Super V\u00e9t\u00e9ran Seine Saint Denis <\/li>\n\n\n\n<li>Vice champion R\u00e9gional Super V\u00e9t\u00e9ran \u00cele de France<\/li>\n<\/ul>\n<\/li>\n<\/ul>\n\n\n\n<h3 class=\"wp-block-heading\">Tir F\u00e9d\u00e9ral (72 fl\u00e8ches \u00e0 50 m)<\/h3>\n\n\n\n<h4 class=\"wp-block-heading\">Individuel: <\/h4>\n\n\n\n<ul class=\"wp-block-list\">\n<li>GERARD Jean-Louis : \n<ul class=\"wp-block-list\">\n<li>Champion D\u00e9partemental Super V\u00e9t\u00e9ran Seine Saint Denis <\/li>\n\n\n\n<li>Champion R\u00e9gional Super V\u00e9t\u00e9ran &nbsp;\u00cele de France<\/li>\n<\/ul>\n<\/li>\n<\/ul>\n\n\n\n<h3 class=\"wp-block-heading\">Tir en Salle (60 fl\u00e8ches \u00e0 18 m)<\/h3>\n\n\n\n<h4 class=\"wp-block-heading\">Individuel&nbsp;:<\/h4>\n\n\n\n<ul class=\"wp-block-list\">\n<li>GERARD Jean-Louis : Vice champion D\u00e9partemental Super V\u00e9t\u00e9ran Seine Saint Denis<\/li>\n<\/ul>\n\n\n\n<h3 class=\"wp-block-heading\">Tir Beursault (tir traditionnel des archers&nbsp;: 40 fl\u00e8ches \u00e0 50 m)<\/h3>\n\n\n\n<h4 class=\"wp-block-heading\">Individuel&nbsp;: <\/h4>\n\n\n\n<ul class=\"wp-block-list\">\n<li>GEGAUFF Jean-Pierre&nbsp;: Vice Champion D\u00e9partemental Senior Seine Saint Denis<\/li>\n\n\n\n<li>GERARD Jean-Louis&nbsp;: &nbsp;3 &nbsp;\u00e8me &nbsp;Super V\u00e9t\u00e9ran &nbsp;R\u00e9gional Ile de France<\/li>\n<\/ul>\n\n\n\n<h4 class=\"wp-block-heading\">&nbsp;&nbsp;&nbsp;S\u00e9lectionn\u00e9s au Championnat de France&nbsp;:<\/h4>\n\n\n\n<ul class=\"wp-block-list\">\n<li>GEGAUFF Jean-Pierre <\/li>\n\n\n\n<li>GERARD Jean-Louis<\/li>\n<\/ul>\n","protected":false},"excerpt":{"rendered":"<p>Tir Archers carabiniers de Printemps(40 fl\u00e8ches sur cible Suisse) Par \u00e9quipe : Individuel : Tir FITA ( tir Olympique 72 fl\u00e8ches \u00e0 70 m) Individuel: Tir F\u00e9d\u00e9ral (72 fl\u00e8ches \u00e0 50 m) Individuel: Tir en Salle (60 fl\u00e8ches \u00e0 18 m) Individuel&nbsp;: Tir Beursault (tir traditionnel des archers&nbsp;: 40 fl\u00e8ches \u00e0 50 m) Individuel&nbsp;: &nbsp;&nbsp;&nbsp;S\u00e9lectionn\u00e9s [&hellip;]<\/p>\n","protected":false},"author":2,"featured_media":0,"parent":384,"menu_order":99,"comment_status":"closed","ping_status":"closed","template":"wp-custom-template-page-des-podiums","meta":{"_mc_calendar":[],"footnotes":""},"class_list":["post-409","page","type-page","status-publish","hentry"],"_links":{"self":[{"href":"https:\/\/arc-bagnolet-belleville.fr\/index.php\/wp-json\/wp\/v2\/pages\/409","targetHints":{"allow":["GET"]}}],"collection":[{"href":"https:\/\/arc-bagnolet-belleville.fr\/index.php\/wp-json\/wp\/v2\/pages"}],"about":[{"href":"https:\/\/arc-bagnolet-belleville.fr\/index.php\/wp-json\/wp\/v2\/types\/page"}],"author":[{"embeddable":true,"href":"https:\/\/arc-bagnolet-belleville.fr\/index.php\/wp-json\/wp\/v2\/users\/2"}],"replies":[{"embeddable":true,"href":"https:\/\/arc-bagnolet-belleville.fr\/index.php\/wp-json\/wp\/v2\/comments?post=409"}],"version-history":[{"count":3,"href":"https:\/\/arc-bagnolet-belleville.fr\/index.php\/wp-json\/wp\/v2\/pages\/409\/revisions"}],"predecessor-version":[{"id":688,"href":"https:\/\/arc-bagnolet-belleville.fr\/index.php\/wp-json\/wp\/v2\/pages\/409\/revisions\/688"}],"up":[{"embeddable":true,"href":"https:\/\/arc-bagnolet-belleville.fr\/index.php\/wp-json\/wp\/v2\/pages\/384"}],"wp:attachment":[{"href":"https:\/\/arc-bagnolet-belleville.fr\/index.php\/wp-json\/wp\/v2\/media?parent=409"}],"curies":[{"name":"wp","href":"https:\/\/api.w.org\/{rel}","templated":true}]}}