{"id":358,"date":"2024-08-27T09:21:10","date_gmt":"2024-08-27T07:21:10","guid":{"rendered":"https:\/\/arc-bagnolet-belleville.fr\/?page_id=358"},"modified":"2024-08-27T09:21:10","modified_gmt":"2024-08-27T07:21:10","slug":"le-tir-beursault","status":"publish","type":"page","link":"https:\/\/arc-bagnolet-belleville.fr\/index.php\/les-tirs\/le-tir-beursault\/","title":{"rendered":"Le tir beursault"},"content":{"rendered":"\n<p><em>Le Beursault perp\u00e9tue les traditions du noble jeu d\u2019arc, et tout archer qui le pratique<br>aujourd\u2019hui, se doit d\u2019en respecter les r\u00e8gles.<\/em><\/p>\n\n\n\n<h3 class=\"wp-block-heading\">Utilisation des pas de tir \u00ab\u00a0beursault\u00a0\u00bb<\/h3>\n\n\n\n<div class=\"wp-block-media-text is-stacked-on-mobile\" style=\"grid-template-columns:54% auto\"><figure class=\"wp-block-media-text__media\"><img loading=\"lazy\" decoding=\"async\" width=\"325\" height=\"422\" src=\"https:\/\/arc-bagnolet-belleville.fr\/wp-content\/uploads\/2024\/07\/Beursault-avecCarte.jpg\" alt=\"\" class=\"wp-image-310 size-full\" srcset=\"https:\/\/arc-bagnolet-belleville.fr\/wp-content\/uploads\/2024\/07\/Beursault-avecCarte.jpg 325w, https:\/\/arc-bagnolet-belleville.fr\/wp-content\/uploads\/2024\/07\/Beursault-avecCarte-231x300.jpg 231w\" sizes=\"auto, (max-width: 325px) 100vw, 325px\" \/><\/figure><div class=\"wp-block-media-text__content\">\n<p><strong>\u2013 Le tir se pratique<\/strong> dans un lieu sp\u00e9cialement am\u00e9nag\u00e9, appel\u00e9 jeu d\u2019arc \u00e0 une distance de 50 m\u00e8tres et se pratique \u00e0 une seule fl\u00e8che.<\/p>\n\n\n\n<p>Toute discussion \u00e0 caract\u00e8re politique ou religieuse est interdite. <br>Toute grossi\u00e8ret\u00e9, agressivit\u00e9 envers autrui est interdite. <br>Il est interdit de troubler la qui\u00e9tude et &nbsp;la concentration d\u2019un archer sur le pas de tir.<br>Il est interdit d\u2019utiliser un mat\u00e9riel non autoris\u00e9, de se servir ou de toucher le mat\u00e9riel d\u2019un autre archer sans autorisation expresse de sa part.<\/p>\n<\/div><\/div>\n\n\n\n<p>Une tenue vestimentaire d\u00e9cente est de rigueur. Le tir torse nu est interdit. <br>Le tir s\u2019effectue \u00e0 l\u2019aide d\u2019une fl\u00e8che tir\u00e9e en premier lieu sur la butte d\u2019attaque (situ\u00e9e au fond du jeu), puis en retour. Chaque aller et retour, s\u2019appelle une halte.<\/p>\n\n\n\n<p><strong>\u2013  Avant de tirer<\/strong> sa premi\u00e8re fl\u00e8che, tout archer arrivant, se doit de saluer les autres archers pr\u00e9sents en se d\u00e9couvrant s&rsquo; il porte une coiffure, et en annon\u00e7ant :&nbsp;<\/p>\n\n\n\n<figure class=\"wp-block-pullquote\"><blockquote><p>archers, ou Mesdames Messieurs les archers je vous salue&nbsp;&nbsp;.<\/p><\/blockquote><\/figure>\n\n\n\n<p>Les archers se doivent de rendre le salut qui leur a \u00e9t\u00e9 adress\u00e9.<\/p>\n\n\n\n<p><strong>\u2013 Au moment de tirer<\/strong> sa premi\u00e8re fl\u00e8che, le nouvel arrivant doit avertir les archers susceptibles de se trouver dans le fond du jeu d\u2019arc, en annon\u00e7ant <\/p>\n\n\n\n<figure class=\"wp-block-pullquote\"><blockquote><p>\u00ab&nbsp;gare&nbsp;!&nbsp;\u00bb<\/p><\/blockquote><\/figure>\n\n\n\n<p><strong>\u2013 Lors d\u2019un tir \u00e0 plusieurs<\/strong> archers, le nouvel arrivant doit s\u2019annoncer en criant&nbsp;:<\/p>\n\n\n\n<figure class=\"wp-block-pullquote\"><blockquote><p>\u00ab&nbsp;un entrant&nbsp;!&nbsp;\u00bb. <\/p><\/blockquote><\/figure>\n\n\n\n<p>Il prendra place dans le groupe de tireurs en avant derni\u00e8re position, afin de laisser le dernier tireur d\u00e9j\u00e0 en lice \u00e0 cette place (cette mesure est prise au nom de la s\u00e9curit\u00e9, car les archers ont pris l\u2019habitude d\u2019identifier le dernier archer \u00e0 la couleur des plumes de sa fl\u00e8che, et tout changement serait susceptible d\u2019entra\u00eener une confusion source de danger).<\/p>\n\n\n\n<h3 class=\"wp-block-heading\"><strong>Autres r\u00e8gles <\/strong><\/h3>\n\n\n\n<p>\u2013 Il est interdit de laisser sa fl\u00e8che en cible (appel\u00e9e carte), si on met fin \u00e0 sa participation. <br>\u2013 Lorsque plusieurs archers d\u00e9cident de faire une pause, il doivent \u00ab&nbsp;vider les mains&nbsp;\u00bb, c&rsquo;est-\u00e0-dire tirer leur fl\u00e8che, qu\u2019ils reprendront dans la carte de butte d\u2019attaque pour la poursuite du tir et laisser leurs arcs visibles sur la butte ma\u00eetresse.<br>\u2013 Il est interdit de tirer lorsque qu&rsquo;une fl\u00e8che dite \u00ab&nbsp;fl\u00e8che morte&nbsp;\u00bbest &nbsp;tomb\u00e9e dans l\u2019all\u00e9e entre les deux buttes. Cette fl\u00e8che doit \u00eatre r\u00e9cup\u00e9r\u00e9e au pr\u00e9alable.<br>\u2013 Il est interdit d\u2019enjamber un arc pos\u00e9 au sol.<br>\u2013 Il est interdit de laisser une butte nue. Celle-ci doit supporter une carte ou \u00e0 d\u00e9faut un marmot.<br>\u2013  Tout archer portant coiffure, doit se d\u00e9couvrir pour placer une carte sur la butte. De m\u00eame, tout archer fumeur doit poser sa cigarette pour placer une carte sur la butte.<br>\u2013  Il est interdit de s\u2019adosser \u00e0 une butte ou d\u2019y prendre appui avec le pied, il est aussi interdit de s\u2019adosser sans mettre une main entre soi et la butte.<\/p>\n\n\n\n<figure class=\"wp-block-image size-full\"><img loading=\"lazy\" decoding=\"async\" width=\"200\" height=\"200\" src=\"https:\/\/arc-bagnolet-belleville.fr\/wp-content\/uploads\/2024\/07\/CibleBeursault.png\" alt=\"\" class=\"wp-image-374\" srcset=\"https:\/\/arc-bagnolet-belleville.fr\/wp-content\/uploads\/2024\/07\/CibleBeursault.png 200w, https:\/\/arc-bagnolet-belleville.fr\/wp-content\/uploads\/2024\/07\/CibleBeursault-150x150.png 150w\" sizes=\"auto, (max-width: 200px) 100vw, 200px\" \/><\/figure>\n","protected":false},"excerpt":{"rendered":"<p>Le Beursault perp\u00e9tue les traditions du noble jeu d\u2019arc, et tout archer qui le pratiqueaujourd\u2019hui, se doit d\u2019en respecter les r\u00e8gles. Utilisation des pas de tir \u00ab\u00a0beursault\u00a0\u00bb \u2013 Le tir se pratique dans un lieu sp\u00e9cialement am\u00e9nag\u00e9, appel\u00e9 jeu d\u2019arc \u00e0 une distance de 50 m\u00e8tres et se pratique \u00e0 une seule fl\u00e8che. Toute discussion [&hellip;]<\/p>\n","protected":false},"author":2,"featured_media":0,"parent":30,"menu_order":2,"comment_status":"closed","ping_status":"closed","template":"page-nocomments","meta":{"_mc_calendar":[],"footnotes":""},"class_list":["post-358","page","type-page","status-publish","hentry"],"_links":{"self":[{"href":"https:\/\/arc-bagnolet-belleville.fr\/index.php\/wp-json\/wp\/v2\/pages\/358","targetHints":{"allow":["GET"]}}],"collection":[{"href":"https:\/\/arc-bagnolet-belleville.fr\/index.php\/wp-json\/wp\/v2\/pages"}],"about":[{"href":"https:\/\/arc-bagnolet-belleville.fr\/index.php\/wp-json\/wp\/v2\/types\/page"}],"author":[{"embeddable":true,"href":"https:\/\/arc-bagnolet-belleville.fr\/index.php\/wp-json\/wp\/v2\/users\/2"}],"replies":[{"embeddable":true,"href":"https:\/\/arc-bagnolet-belleville.fr\/index.php\/wp-json\/wp\/v2\/comments?post=358"}],"version-history":[{"count":5,"href":"https:\/\/arc-bagnolet-belleville.fr\/index.php\/wp-json\/wp\/v2\/pages\/358\/revisions"}],"predecessor-version":[{"id":376,"href":"https:\/\/arc-bagnolet-belleville.fr\/index.php\/wp-json\/wp\/v2\/pages\/358\/revisions\/376"}],"up":[{"embeddable":true,"href":"https:\/\/arc-bagnolet-belleville.fr\/index.php\/wp-json\/wp\/v2\/pages\/30"}],"wp:attachment":[{"href":"https:\/\/arc-bagnolet-belleville.fr\/index.php\/wp-json\/wp\/v2\/media?parent=358"}],"curies":[{"name":"wp","href":"https:\/\/api.w.org\/{rel}","templated":true}]}}