{"id":356,"date":"2024-08-27T09:21:45","date_gmt":"2024-08-27T07:21:45","guid":{"rendered":"https:\/\/arc-bagnolet-belleville.fr\/?page_id=356"},"modified":"2024-08-27T09:21:45","modified_gmt":"2024-08-27T07:21:45","slug":"tir-de-tradition","status":"publish","type":"page","link":"https:\/\/arc-bagnolet-belleville.fr\/index.php\/les-tirs\/tir-de-tradition\/","title":{"rendered":"Tir de tradition"},"content":{"rendered":"\n<h3 class=\"wp-block-heading\">(uniquement au jeu de Beursault)<\/h3>\n\n\n\n<div class=\"wp-block-media-text is-stacked-on-mobile\" style=\"grid-template-columns:17% auto\"><figure class=\"wp-block-media-text__media\"><img loading=\"lazy\" decoding=\"async\" width=\"96\" height=\"123\" src=\"https:\/\/arc-bagnolet-belleville.fr\/wp-content\/uploads\/2024\/07\/CarteStSebastien.jpg\" alt=\"\" class=\"wp-image-366 size-full\"\/><\/figure><div class=\"wp-block-media-text__content\">\n<h3 class=\"wp-block-heading has-text-align-center\">Saint-S\u00e9bastien<\/h3>\n\n\n\n<ul class=\"wp-block-list\">\n<li>Patron des Archers que nous honorons le 20 ou le 3\u00e9me dimanche de\u00a0janvier par un tir le matin suivi d&rsquo;une remise de prix. Nous poursuivons la journ\u00e9e par un repas commun.<\/li>\n<\/ul>\n<\/div><\/div>\n\n\n\n<div class=\"wp-block-media-text is-stacked-on-mobile\" style=\"grid-template-columns:17% auto\"><figure class=\"wp-block-media-text__media\"><img loading=\"lazy\" decoding=\"async\" width=\"98\" height=\"116\" src=\"https:\/\/arc-bagnolet-belleville.fr\/wp-content\/uploads\/2024\/07\/CarteAbatLoiseau.jpg\" alt=\"\" class=\"wp-image-367 size-full\"\/><\/figure><div class=\"wp-block-media-text__content\">\n<h3 class=\"wp-block-heading has-text-align-center\">&nbsp;L&rsquo;Abat l&rsquo;Oiseau<\/h3>\n\n\n\n<ul class=\"wp-block-list\">\n<li>Le 1er dimanche de Mars. Le but est d&rsquo;abattre l&rsquo;oiseau en bois. Celui qui l&rsquo;a abattu est nomm\u00e9 Roy pour l&rsquo;ann\u00e9e. Une r\u00e9union g\u00e9n\u00e9rale s&rsquo;en suit. Le Roy propose \u00e0 l&rsquo;assembl\u00e9e un Capitaine. Le Capitaine \u00e9lu forme son Bureau avec l&rsquo;approbation de l&rsquo;assembl\u00e9e.<\/li>\n<\/ul>\n<\/div><\/div>\n\n\n\n<div class=\"wp-block-media-text is-stacked-on-mobile\" style=\"grid-template-columns:17% auto\"><figure class=\"wp-block-media-text__media\"><img loading=\"lazy\" decoding=\"async\" width=\"98\" height=\"116\" src=\"https:\/\/arc-bagnolet-belleville.fr\/wp-content\/uploads\/2024\/07\/Vide-1.png\" alt=\"\" class=\"wp-image-369 size-full\"\/><\/figure><div class=\"wp-block-media-text__content\">\n<h3 class=\"wp-block-heading has-text-align-center\">&nbsp;Le Prix du Roy<\/h3>\n\n\n\n<ul class=\"wp-block-list\">\n<li>Le Roy rend son prix. Il organise son tir, choisit son jour et ses prix.<\/li>\n<\/ul>\n<\/div><\/div>\n\n\n\n<div class=\"wp-block-media-text is-stacked-on-mobile\" style=\"grid-template-columns:19% auto\"><figure class=\"wp-block-media-text__media\"><img loading=\"lazy\" decoding=\"async\" width=\"98\" height=\"116\" src=\"https:\/\/arc-bagnolet-belleville.fr\/wp-content\/uploads\/2024\/07\/Vide-1.png\" alt=\"\" class=\"wp-image-369 size-full\"\/><\/figure><div class=\"wp-block-media-text__content\">\n<h3 class=\"wp-block-heading has-text-align-center\">Le Prix du Conn\u00e9table<\/h3>\n\n\n\n<ul class=\"wp-block-list\">\n<li>Le Conn\u00e9table organise son tir, choisit son jour et ses prix.<\/li>\n<\/ul>\n<\/div><\/div>\n\n\n\n<div class=\"wp-block-media-text is-stacked-on-mobile\" style=\"grid-template-columns:20% auto\"><figure class=\"wp-block-media-text__media\"><img loading=\"lazy\" decoding=\"async\" width=\"98\" height=\"116\" src=\"https:\/\/arc-bagnolet-belleville.fr\/wp-content\/uploads\/2024\/07\/Vide-1.png\" alt=\"\" class=\"wp-image-369 size-full\"\/><\/figure><div class=\"wp-block-media-text__content\">\n<h3 class=\"wp-block-heading has-text-align-center\">La Partie de Jardin<\/h3>\n\n\n\n<ul class=\"wp-block-list\">\n<li>Ce tir s&rsquo;effectue avant le Prix G\u00e9n\u00e9ral. Deux Compagnies s&rsquo;affrontent dans un duel amical, suivi d&rsquo;une collation.<\/li>\n<\/ul>\n<\/div><\/div>\n\n\n\n<div class=\"wp-block-media-text is-stacked-on-mobile\" style=\"grid-template-columns:19% auto\"><figure class=\"wp-block-media-text__media\"><img loading=\"lazy\" decoding=\"async\" width=\"98\" height=\"116\" src=\"https:\/\/arc-bagnolet-belleville.fr\/wp-content\/uploads\/2024\/07\/Vide-1.png\" alt=\"\" class=\"wp-image-369 size-full\"\/><\/figure><div class=\"wp-block-media-text__content\">\n<h3 class=\"wp-block-heading has-text-align-center\">Le Prix G\u00e9n\u00e9ral<\/h3>\n\n\n\n<ul class=\"wp-block-list\">\n<li>Les Compagnies ouvrent leur jeu aux tireurs des autres Compagnies pendant une p\u00e9riode de quatre \u00e0 huit semaines. Le but du tir est d&rsquo;effectuer un maximum de noirs. Un bon archer se doit de tirer plusieurs Prix G\u00e9n\u00e9raux.<\/li>\n<\/ul>\n<\/div><\/div>\n\n\n\n<div class=\"wp-block-media-text is-stacked-on-mobile\" style=\"grid-template-columns:22% auto\"><figure class=\"wp-block-media-text__media\"><img loading=\"lazy\" decoding=\"async\" width=\"135\" height=\"186\" src=\"https:\/\/arc-bagnolet-belleville.fr\/wp-content\/uploads\/2024\/07\/CarteBouquetProvincial.jpg\" alt=\"\" class=\"wp-image-370 size-full\"\/><\/figure><div class=\"wp-block-media-text__content\">\n<h3 class=\"wp-block-heading has-text-align-center\">Les Bouquets Provinciaux<\/h3>\n\n\n\n<ul class=\"wp-block-list\">\n<li>Les Compagnies d&rsquo;Arc se rassemblent afin de participer au tir qualificatif du Championnat de France de Beursault. Elles sont tenues de pr\u00e9senter leurs couleurs (le drapeau ou la banni\u00e8re) et de d\u00e9filer en tenue de Compagnie.<\/li>\n<\/ul>\n<\/div><\/div>\n","protected":false},"excerpt":{"rendered":"<p>(uniquement au jeu de Beursault)<\/p>\n","protected":false},"author":2,"featured_media":0,"parent":30,"menu_order":1,"comment_status":"closed","ping_status":"closed","template":"page-nocomments","meta":{"_mc_calendar":[],"footnotes":""},"class_list":["post-356","page","type-page","status-publish","hentry"],"_links":{"self":[{"href":"https:\/\/arc-bagnolet-belleville.fr\/index.php\/wp-json\/wp\/v2\/pages\/356","targetHints":{"allow":["GET"]}}],"collection":[{"href":"https:\/\/arc-bagnolet-belleville.fr\/index.php\/wp-json\/wp\/v2\/pages"}],"about":[{"href":"https:\/\/arc-bagnolet-belleville.fr\/index.php\/wp-json\/wp\/v2\/types\/page"}],"author":[{"embeddable":true,"href":"https:\/\/arc-bagnolet-belleville.fr\/index.php\/wp-json\/wp\/v2\/users\/2"}],"replies":[{"embeddable":true,"href":"https:\/\/arc-bagnolet-belleville.fr\/index.php\/wp-json\/wp\/v2\/comments?post=356"}],"version-history":[{"count":2,"href":"https:\/\/arc-bagnolet-belleville.fr\/index.php\/wp-json\/wp\/v2\/pages\/356\/revisions"}],"predecessor-version":[{"id":371,"href":"https:\/\/arc-bagnolet-belleville.fr\/index.php\/wp-json\/wp\/v2\/pages\/356\/revisions\/371"}],"up":[{"embeddable":true,"href":"https:\/\/arc-bagnolet-belleville.fr\/index.php\/wp-json\/wp\/v2\/pages\/30"}],"wp:attachment":[{"href":"https:\/\/arc-bagnolet-belleville.fr\/index.php\/wp-json\/wp\/v2\/media?parent=356"}],"curies":[{"name":"wp","href":"https:\/\/api.w.org\/{rel}","templated":true}]}}