{"id":160,"date":"2024-07-03T22:35:30","date_gmt":"2024-07-03T20:35:30","guid":{"rendered":"https:\/\/arcbagnoletbelleville.wordpress.com\/?page_id=68"},"modified":"2024-08-27T09:55:39","modified_gmt":"2024-08-27T07:55:39","slug":"historique","status":"publish","type":"page","link":"https:\/\/arc-bagnolet-belleville.fr\/index.php\/la-compagnie\/historique\/","title":{"rendered":"Historique"},"content":{"rendered":"\n<div class=\"wp-block-media-text is-stacked-on-mobile\" style=\"grid-template-columns:24% auto\"><figure class=\"wp-block-media-text__media\"><img loading=\"lazy\" decoding=\"async\" width=\"89\" height=\"87\" src=\"https:\/\/arc-bagnolet-belleville.fr\/wp-content\/uploads\/2024\/07\/Marmot.png\" alt=\"\" class=\"wp-image-307 size-full\"\/><\/figure><div class=\"wp-block-media-text__content\">\n<h3 class=\"wp-block-heading\">Des compagnies:<\/h3>\n\n\n\n<p><em>Les compagnies de \u00ab\u00a0Francs arch\u00e9s\u00a0\u00bb furent cr\u00e9\u00e9es en 1448 par Charles VII. Elles se sont illustr\u00e9es sur tous les champs de bataille du Moyen_\u00c2ge et ont laiss\u00e9 \u00e0 la post\u00e9rit\u00e9 des traditions d&rsquo;honneur et de loyaut\u00e9.<\/em><\/p>\n<\/div><\/div>\n\n\n\n<div class=\"wp-block-media-text is-stacked-on-mobile\" style=\"grid-template-columns:24% auto\"><figure class=\"wp-block-media-text__media\"><img loading=\"lazy\" decoding=\"async\" width=\"89\" height=\"87\" src=\"https:\/\/arc-bagnolet-belleville.fr\/wp-content\/uploads\/2024\/07\/Marmot.png\" alt=\"\" class=\"wp-image-307 size-full\"\/><\/figure><div class=\"wp-block-media-text__content\">\n<h3 class=\"wp-block-heading\">De notre compagnie:<\/h3>\n\n\n\n<p>Notre compagnie de tir \u00e0 l&rsquo;arc fut fond\u00e9e en 1847, rue du Faubourd du Temple, \u00e0 Paris sous le nom de : <strong><em>Compagnie du centre<\/em><\/strong>.<\/p>\n<\/div><\/div>\n\n\n\n<div class=\"wp-block-media-text is-stacked-on-mobile\" style=\"grid-template-columns:29% auto\"><figure class=\"wp-block-media-text__media\"><a href=\"https:\/\/www.ina.fr\/ina-eclaire-actu\/video\/caf95052054\/les-archers-de-belleville\"><img loading=\"lazy\" decoding=\"async\" width=\"147\" height=\"104\" src=\"https:\/\/arc-bagnolet-belleville.fr\/wp-content\/uploads\/2024\/07\/Logo-Belleville.png\" alt=\"\" class=\"wp-image-306 size-full\"\/><\/a><\/figure><div class=\"wp-block-media-text__content\">\n<p>Apr\u00e8s avoir d\u00e9m\u00e9nag\u00e9 en 1854 dans le village de Belleville, elle s&rsquo;installa d\u00e9finitivement rue des Rigoles \u00e0 Paris sous le nom de : <strong><em>1<sup>\u00e8re<\/sup> compagnie d&rsquo;arc du Centre de BELLEVILLE<\/em><\/strong>.<br><em>(<a href=\"https:\/\/www.ina.fr\/ina-eclaire-actu\/video\/caf95052054\/les-archers-de-belleville\">Un documentaire est disponible sur le site de l&rsquo;INA<\/a>)<\/em><\/p>\n<\/div><\/div>\n\n\n\n<div class=\"wp-block-media-text is-stacked-on-mobile\" style=\"grid-template-columns:31% auto\"><figure class=\"wp-block-media-text__media\"><img loading=\"lazy\" decoding=\"async\" width=\"153\" height=\"105\" src=\"https:\/\/arc-bagnolet-belleville.fr\/wp-content\/uploads\/2024\/07\/Logo-Brode.png\" alt=\"\" class=\"wp-image-305 size-full\"\/><\/figure><div class=\"wp-block-media-text__content\">\n<p><em>Expropri\u00e9e en 1974, le Compagnie s&rsquo;est install\u00e9e \u00e0 BAGNOLET au stade des Rigondes, prenant du m\u00eame coup le nom de : <strong><br>Compagnie d&rsquo;arc de BAGNOLET-BELLEVILLE.<\/strong><\/em><\/p>\n<\/div><\/div>\n\n\n\n<p><\/p>\n","protected":false},"excerpt":{"rendered":"<p>Des compagnies: Les compagnies de \u00ab\u00a0Francs arch\u00e9s\u00a0\u00bb furent cr\u00e9\u00e9es en 1448 par Charles VII. Elles se sont illustr\u00e9es sur tous les champs de bataille du Moyen_\u00c2ge et ont laiss\u00e9 \u00e0 la post\u00e9rit\u00e9 des traditions d&rsquo;honneur et de loyaut\u00e9. De notre compagnie: Notre compagnie de tir \u00e0 l&rsquo;arc fut fond\u00e9e en 1847, rue du Faubourd du [&hellip;]<\/p>\n","protected":false},"author":2,"featured_media":0,"parent":153,"menu_order":0,"comment_status":"closed","ping_status":"closed","template":"page-nocomments","meta":{"_mc_calendar":[],"footnotes":""},"class_list":["post-160","page","type-page","status-publish","hentry"],"_links":{"self":[{"href":"https:\/\/arc-bagnolet-belleville.fr\/index.php\/wp-json\/wp\/v2\/pages\/160","targetHints":{"allow":["GET"]}}],"collection":[{"href":"https:\/\/arc-bagnolet-belleville.fr\/index.php\/wp-json\/wp\/v2\/pages"}],"about":[{"href":"https:\/\/arc-bagnolet-belleville.fr\/index.php\/wp-json\/wp\/v2\/types\/page"}],"author":[{"embeddable":true,"href":"https:\/\/arc-bagnolet-belleville.fr\/index.php\/wp-json\/wp\/v2\/users\/2"}],"replies":[{"embeddable":true,"href":"https:\/\/arc-bagnolet-belleville.fr\/index.php\/wp-json\/wp\/v2\/comments?post=160"}],"version-history":[{"count":3,"href":"https:\/\/arc-bagnolet-belleville.fr\/index.php\/wp-json\/wp\/v2\/pages\/160\/revisions"}],"predecessor-version":[{"id":625,"href":"https:\/\/arc-bagnolet-belleville.fr\/index.php\/wp-json\/wp\/v2\/pages\/160\/revisions\/625"}],"up":[{"embeddable":true,"href":"https:\/\/arc-bagnolet-belleville.fr\/index.php\/wp-json\/wp\/v2\/pages\/153"}],"wp:attachment":[{"href":"https:\/\/arc-bagnolet-belleville.fr\/index.php\/wp-json\/wp\/v2\/media?parent=160"}],"curies":[{"name":"wp","href":"https:\/\/api.w.org\/{rel}","templated":true}]}}