{"id":159,"date":"2024-07-03T22:09:51","date_gmt":"2024-07-03T20:09:51","guid":{"rendered":"https:\/\/arcbagnoletbelleville.wordpress.com\/?page_id=65"},"modified":"2025-09-04T14:33:24","modified_gmt":"2025-09-04T12:33:24","slug":"les-horaires","status":"publish","type":"page","link":"https:\/\/arc-bagnolet-belleville.fr\/index.php\/la-compagnie\/les-horaires\/","title":{"rendered":"Les horaires"},"content":{"rendered":"\n<p>Les cours sont assur\u00e9s par Jocelyne MERINE (entra\u00eeneur), Julien (assistant entra\u00eeneur) et Jean-Pierre FRAN\u00c7OIS (alias Michel, assistant entra\u00eeneur).<\/p>\n\n\n\n<ul class=\"wp-block-list\">\n<li>Cours pour les d\u00e9butants (1\u00e8re ann\u00e9e) le <strong>samedi de 13h30 \u00e0 16h30<\/strong>, arriv\u00e9e \u00e0 la compagnie \u00e0 13h15 pour prendre le mat\u00e9riel&nbsp;; tir en salle (gymnase Jean-Jaur\u00e8s) quand le temps est trop mauvais.<\/li>\n\n\n\n<li>Cours pour les 2\u00e8me ann\u00e9e et en progression le <strong>samedi de 15h30 \u00e0 17h30<\/strong>, et le <strong>mercredi de 14h \u00e0 16h<\/strong> pour mettre en pratique les enseignements.<\/li>\n\n\n\n<li>Entra\u00eenement pour les comp\u00e9titeurs le <strong>jeudi de 18h00 \u00e0 20h00<\/strong> et le <strong>samedi de 10h00 \u00e0 12h00<\/strong>.<\/li>\n<\/ul>\n\n\n\n<h3 class=\"wp-block-heading\">Tarifs et reprise des licences<\/h3>\n\n\n\n<p>Tarifs saison 2025-2026 :<\/p>\n\n\n\n<ul class=\"wp-block-list\">\n<li>Adulte 160 \u20ac &nbsp;<\/li>\n\n\n\n<li>Jeunes 140 \u20ac<\/li>\n<\/ul>\n\n\n\n<p>Pour les d\u00e9butants, la fiche d\u2019inscription sera remise au premier cours avec les explications n\u00e9cessaires (photos, kit initiation, certificat m\u00e9dical, lettre)<\/p>\n\n\n\n<p>Le renouvellement de la licence sera fait \u00e0 r\u00e9ception du ch\u00e8que et de du document \u00ab&nbsp;demande de renouvellement de licence&nbsp;\u00bb adress\u00e9 par la FFTA sur votre mail entre fin ao\u00fbt et d\u00e9but septembre.<\/p>\n","protected":false},"excerpt":{"rendered":"<p>Les cours sont assur\u00e9s par Jocelyne MERINE (entra\u00eeneur), Julien (assistant entra\u00eeneur) et Jean-Pierre FRAN\u00c7OIS (alias Michel, assistant entra\u00eeneur). Tarifs et reprise des licences Tarifs saison 2025-2026 : Pour les d\u00e9butants, la fiche d\u2019inscription sera remise au premier cours avec les explications n\u00e9cessaires (photos, kit initiation, certificat m\u00e9dical, lettre) Le renouvellement de la licence sera fait [&hellip;]<\/p>\n","protected":false},"author":2,"featured_media":0,"parent":153,"menu_order":0,"comment_status":"closed","ping_status":"closed","template":"page-nocomments","meta":{"_mc_calendar":[],"footnotes":""},"class_list":["post-159","page","type-page","status-publish","hentry"],"_links":{"self":[{"href":"https:\/\/arc-bagnolet-belleville.fr\/index.php\/wp-json\/wp\/v2\/pages\/159","targetHints":{"allow":["GET"]}}],"collection":[{"href":"https:\/\/arc-bagnolet-belleville.fr\/index.php\/wp-json\/wp\/v2\/pages"}],"about":[{"href":"https:\/\/arc-bagnolet-belleville.fr\/index.php\/wp-json\/wp\/v2\/types\/page"}],"author":[{"embeddable":true,"href":"https:\/\/arc-bagnolet-belleville.fr\/index.php\/wp-json\/wp\/v2\/users\/2"}],"replies":[{"embeddable":true,"href":"https:\/\/arc-bagnolet-belleville.fr\/index.php\/wp-json\/wp\/v2\/comments?post=159"}],"version-history":[{"count":6,"href":"https:\/\/arc-bagnolet-belleville.fr\/index.php\/wp-json\/wp\/v2\/pages\/159\/revisions"}],"predecessor-version":[{"id":1095,"href":"https:\/\/arc-bagnolet-belleville.fr\/index.php\/wp-json\/wp\/v2\/pages\/159\/revisions\/1095"}],"up":[{"embeddable":true,"href":"https:\/\/arc-bagnolet-belleville.fr\/index.php\/wp-json\/wp\/v2\/pages\/153"}],"wp:attachment":[{"href":"https:\/\/arc-bagnolet-belleville.fr\/index.php\/wp-json\/wp\/v2\/media?parent=159"}],"curies":[{"name":"wp","href":"https:\/\/api.w.org\/{rel}","templated":true}]}}