{"id":153,"date":"2024-07-03T17:41:55","date_gmt":"2024-07-03T15:41:55","guid":{"rendered":"https:\/\/arcbagnoletbelleville.wordpress.com\/?page_id=40"},"modified":"2024-08-27T09:52:33","modified_gmt":"2024-08-27T07:52:33","slug":"la-compagnie","status":"publish","type":"page","link":"https:\/\/arc-bagnolet-belleville.fr\/index.php\/la-compagnie\/","title":{"rendered":"La compagnie"},"content":{"rendered":"\n<h2 class=\"wp-block-heading has-text-align-center\">La compagnie d&rsquo;arc<br>de Bagnolet Bellevile<\/h2>\n\n\n\n<figure class=\"wp-block-image aligncenter size-full is-resized\"><img decoding=\"async\" src=\"https:\/\/arc-bagnolet-belleville.fr\/wp-content\/uploads\/2024\/07\/logo.jpg\" alt=\"\" class=\"wp-image-292\" style=\"width:416px;height:auto\"\/><\/figure>\n\n\n\n<p class=\"has-text-align-center\"><em>Association sportive affili\u00e9e \u00e0 la F\u00e9d\u00e9ration Fran\u00e7aise <br>de tir \u00e0 l\u2019arc FFTA sous le n\u00b0 26 93 057<\/em><\/p>\n\n\n\n<h3 class=\"wp-block-heading has-text-align-center\">fait partie de la famille de NOISY LE SEC<\/h3>\n\n\n\n<figure class=\"wp-block-image aligncenter size-full\"><img loading=\"lazy\" decoding=\"async\" width=\"213\" height=\"243\" src=\"https:\/\/arc-bagnolet-belleville.fr\/wp-content\/uploads\/2024\/07\/Ecusson-noisylesec.png\" alt=\"\" class=\"wp-image-309\"\/><\/figure>\n\n\n\n<p><\/p>\n","protected":false},"excerpt":{"rendered":"<p>La compagnie d&rsquo;arcde Bagnolet Bellevile Association sportive affili\u00e9e \u00e0 la F\u00e9d\u00e9ration Fran\u00e7aise de tir \u00e0 l\u2019arc FFTA sous le n\u00b0 26 93 057 fait partie de la famille de NOISY LE SEC<\/p>\n","protected":false},"author":2,"featured_media":0,"parent":0,"menu_order":0,"comment_status":"closed","ping_status":"closed","template":"page-nocomments","meta":{"_mc_calendar":[],"footnotes":""},"class_list":["post-153","page","type-page","status-publish","hentry"],"_links":{"self":[{"href":"https:\/\/arc-bagnolet-belleville.fr\/index.php\/wp-json\/wp\/v2\/pages\/153","targetHints":{"allow":["GET"]}}],"collection":[{"href":"https:\/\/arc-bagnolet-belleville.fr\/index.php\/wp-json\/wp\/v2\/pages"}],"about":[{"href":"https:\/\/arc-bagnolet-belleville.fr\/index.php\/wp-json\/wp\/v2\/types\/page"}],"author":[{"embeddable":true,"href":"https:\/\/arc-bagnolet-belleville.fr\/index.php\/wp-json\/wp\/v2\/users\/2"}],"replies":[{"embeddable":true,"href":"https:\/\/arc-bagnolet-belleville.fr\/index.php\/wp-json\/wp\/v2\/comments?post=153"}],"version-history":[{"count":2,"href":"https:\/\/arc-bagnolet-belleville.fr\/index.php\/wp-json\/wp\/v2\/pages\/153\/revisions"}],"predecessor-version":[{"id":317,"href":"https:\/\/arc-bagnolet-belleville.fr\/index.php\/wp-json\/wp\/v2\/pages\/153\/revisions\/317"}],"wp:attachment":[{"href":"https:\/\/arc-bagnolet-belleville.fr\/index.php\/wp-json\/wp\/v2\/media?parent=153"}],"curies":[{"name":"wp","href":"https:\/\/api.w.org\/{rel}","templated":true}]}}