{"id":1309,"date":"2025-09-05T13:16:49","date_gmt":"2025-09-05T11:16:49","guid":{"rendered":"https:\/\/arc-bagnolet-belleville.fr\/?page_id=1309"},"modified":"2025-09-05T19:58:38","modified_gmt":"2025-09-05T17:58:38","slug":"resultats-2025","status":"publish","type":"page","link":"https:\/\/arc-bagnolet-belleville.fr\/index.php\/les-podiums\/resultats-2025\/","title":{"rendered":"R\u00e9sultats 2025"},"content":{"rendered":"\n<h3 class=\"wp-block-heading\">Championnat d\u00e9partemental 93 \u00e0 Aulnay-sous-Bois<\/h3>\n\n\n\n<p>27-28 janvier 2025<\/p>\n\n\n\n<div class=\"wp-block-media-text is-stacked-on-mobile\" style=\"grid-template-columns:28% auto\"><figure class=\"wp-block-media-text__media\"><img loading=\"lazy\" decoding=\"async\" width=\"768\" height=\"1024\" src=\"https:\/\/arc-bagnolet-belleville.fr\/wp-content\/uploads\/2025\/09\/7bf6d2a6-2de9-46d4-a10c-875217e2128a-768x1024.jpeg\" alt=\"\" class=\"wp-image-1297 size-full\" srcset=\"https:\/\/arc-bagnolet-belleville.fr\/wp-content\/uploads\/2025\/09\/7bf6d2a6-2de9-46d4-a10c-875217e2128a-768x1024.jpeg 768w, https:\/\/arc-bagnolet-belleville.fr\/wp-content\/uploads\/2025\/09\/7bf6d2a6-2de9-46d4-a10c-875217e2128a-225x300.jpeg 225w, https:\/\/arc-bagnolet-belleville.fr\/wp-content\/uploads\/2025\/09\/7bf6d2a6-2de9-46d4-a10c-875217e2128a-1152x1536.jpeg 1152w, https:\/\/arc-bagnolet-belleville.fr\/wp-content\/uploads\/2025\/09\/7bf6d2a6-2de9-46d4-a10c-875217e2128a.jpeg 1200w\" sizes=\"auto, (max-width: 768px) 100vw, 768px\" \/><\/figure><div class=\"wp-block-media-text__content\">\n<p>Poulies, S3 F :<\/p>\n\n\n\n<ul class=\"wp-block-list\">\n<li>Jocelyne, premi\u00e8re<\/li>\n<\/ul>\n\n\n\n<p><\/p>\n<\/div><\/div>\n\n\n\n<h3 class=\"wp-block-heading\">Championnat r\u00e9gional IdF en salle \u00e0 Fontainebleau<\/h3>\n\n\n\n<p>8-9 f\u00e9vrier 2025<\/p>\n\n\n\n<div class=\"wp-block-media-text is-stacked-on-mobile\" style=\"grid-template-columns:38% auto\"><figure class=\"wp-block-media-text__media\"><img loading=\"lazy\" decoding=\"async\" width=\"564\" height=\"423\" src=\"https:\/\/arc-bagnolet-belleville.fr\/wp-content\/uploads\/2025\/09\/9744573b-4dcc-4e06-8066-53c044b4cdcb.jpeg\" alt=\"\" class=\"wp-image-1295 size-full\" srcset=\"https:\/\/arc-bagnolet-belleville.fr\/wp-content\/uploads\/2025\/09\/9744573b-4dcc-4e06-8066-53c044b4cdcb.jpeg 564w, https:\/\/arc-bagnolet-belleville.fr\/wp-content\/uploads\/2025\/09\/9744573b-4dcc-4e06-8066-53c044b4cdcb-300x225.jpeg 300w\" sizes=\"auto, (max-width: 564px) 100vw, 564px\" \/><\/figure><div class=\"wp-block-media-text__content\">\n<p>Poulies, S3 F :<\/p>\n\n\n\n<ul class=\"wp-block-list\">\n<li>Jocelyne, 3\u00e8me<\/li>\n<\/ul>\n<\/div><\/div>\n\n\n\n<h3 class=\"wp-block-heading\">Championnat d\u00e9partemental 93 Beursault<\/h3>\n\n\n\n<p>30 mars 2025<\/p>\n\n\n\n<div class=\"wp-block-media-text is-stacked-on-mobile\" style=\"grid-template-columns:33% auto\"><figure class=\"wp-block-media-text__media\"><img loading=\"lazy\" decoding=\"async\" width=\"768\" height=\"1024\" src=\"https:\/\/arc-bagnolet-belleville.fr\/wp-content\/uploads\/2025\/09\/bcff91bb-74df-4149-af51-fdfe77b65882-768x1024.jpeg\" alt=\"\" class=\"wp-image-1246 size-full\" srcset=\"https:\/\/arc-bagnolet-belleville.fr\/wp-content\/uploads\/2025\/09\/bcff91bb-74df-4149-af51-fdfe77b65882-768x1023.jpeg 768w, https:\/\/arc-bagnolet-belleville.fr\/wp-content\/uploads\/2025\/09\/bcff91bb-74df-4149-af51-fdfe77b65882-225x300.jpeg 225w, https:\/\/arc-bagnolet-belleville.fr\/wp-content\/uploads\/2025\/09\/bcff91bb-74df-4149-af51-fdfe77b65882-1153x1536.jpeg 1153w, https:\/\/arc-bagnolet-belleville.fr\/wp-content\/uploads\/2025\/09\/bcff91bb-74df-4149-af51-fdfe77b65882.jpeg 1200w\" sizes=\"auto, (max-width: 768px) 100vw, 768px\" \/><\/figure><div class=\"wp-block-media-text__content\">\n<p>Poulies, S3 F :<\/p>\n\n\n\n<ul class=\"wp-block-list\">\n<li>Jocelyne, 1\u00e8re<\/li>\n<\/ul>\n<\/div><\/div>\n\n\n\n<h3 class=\"wp-block-heading\">Championnat d\u00e9partemental 93 de TAEDI \u00e0 Pantin<\/h3>\n\n\n\n<p>30 mai 2025<\/p>\n\n\n\n<div class=\"wp-block-media-text is-stacked-on-mobile\" style=\"grid-template-columns:32% auto\"><figure class=\"wp-block-media-text__media\"><img loading=\"lazy\" decoding=\"async\" width=\"1024\" height=\"768\" src=\"https:\/\/arc-bagnolet-belleville.fr\/wp-content\/uploads\/2025\/09\/f0d0b042-5b4b-4caf-9478-6d713e21dc96-1024x768.jpeg\" alt=\"\" class=\"wp-image-1172 size-full\" srcset=\"https:\/\/arc-bagnolet-belleville.fr\/wp-content\/uploads\/2025\/09\/f0d0b042-5b4b-4caf-9478-6d713e21dc96-1024x768.jpeg 1024w, https:\/\/arc-bagnolet-belleville.fr\/wp-content\/uploads\/2025\/09\/f0d0b042-5b4b-4caf-9478-6d713e21dc96-300x225.jpeg 300w, https:\/\/arc-bagnolet-belleville.fr\/wp-content\/uploads\/2025\/09\/f0d0b042-5b4b-4caf-9478-6d713e21dc96-768x576.jpeg 768w, https:\/\/arc-bagnolet-belleville.fr\/wp-content\/uploads\/2025\/09\/f0d0b042-5b4b-4caf-9478-6d713e21dc96-1536x1153.jpeg 1536w, https:\/\/arc-bagnolet-belleville.fr\/wp-content\/uploads\/2025\/09\/f0d0b042-5b4b-4caf-9478-6d713e21dc96.jpeg 1599w\" sizes=\"auto, (max-width: 1024px) 100vw, 1024px\" \/><\/figure><div class=\"wp-block-media-text__content\">\n<p>Poulies, S3 F :<\/p>\n\n\n\n<ul class=\"wp-block-list\">\n<li>Jocelyne, 1\u00e8re<\/li>\n<\/ul>\n<\/div><\/div>\n\n\n\n<hr class=\"wp-block-separator has-alpha-channel-opacity\"\/>\n\n\n<ul class=\"display-posts-listing\"><li class=\"listing-item\"><a class=\"title\" href=\"https:\/\/arc-bagnolet-belleville.fr\/index.php\/2025\/11\/23\/competition-salle-18m-de-tremblay-en-france\/\">Comp\u00e9tition salle 18m de Tremblay en France<\/a><div class=\"content\">\n<div class=\"wp-block-media-text is-stacked-on-mobile\" style=\"grid-template-columns:29% auto\"><figure class=\"wp-block-media-text__media\"><img loading=\"lazy\" decoding=\"async\" width=\"1024\" height=\"1005\" src=\"https:\/\/arc-bagnolet-belleville.fr\/wp-content\/uploads\/2026\/01\/WhatsApp-Image-2025-11-23-at-09.37.49-1024x1005.jpeg\" alt=\"\" class=\"wp-image-1355 size-full\" srcset=\"https:\/\/arc-bagnolet-belleville.fr\/wp-content\/uploads\/2026\/01\/WhatsApp-Image-2025-11-23-at-09.37.49-1024x1005.jpeg 1024w, https:\/\/arc-bagnolet-belleville.fr\/wp-content\/uploads\/2026\/01\/WhatsApp-Image-2025-11-23-at-09.37.49-300x294.jpeg 300w, https:\/\/arc-bagnolet-belleville.fr\/wp-content\/uploads\/2026\/01\/WhatsApp-Image-2025-11-23-at-09.37.49-768x754.jpeg 768w, https:\/\/arc-bagnolet-belleville.fr\/wp-content\/uploads\/2026\/01\/WhatsApp-Image-2025-11-23-at-09.37.49-1536x1507.jpeg 1536w, https:\/\/arc-bagnolet-belleville.fr\/wp-content\/uploads\/2026\/01\/WhatsApp-Image-2025-11-23-at-09.37.49.jpeg 1600w\" sizes=\"auto, (max-width: 1024px) 100vw, 1024px\" \/><\/figure><div class=\"wp-block-media-text__content\">\n<p><br>Le 23 novembre avait lieu une comp\u00e9tition en salle \u00e0 Tremblay en France (2&#215;30 fl\u00e8ches \u00e0 18m). Huit archers de la compagnie ont concouru. Taha remporte le concours en U18 classique homme. Jocelyne \u00e9galement en S3 poulie femme. Bravo \u00e0 tous les comp\u00e9titeurs.<\/p>\n<\/div><\/div>\n\n\n\n<figure class=\"wp-block-gallery has-nested-images columns-default is-cropped wp-block-gallery-1 is-layout-flex wp-block-gallery-is-layout-flex\">\n<figure class=\"wp-block-image size-large\"><img loading=\"lazy\" decoding=\"async\" width=\"622\" height=\"666\" data-id=\"1359\" src=\"https:\/\/arc-bagnolet-belleville.fr\/wp-content\/uploads\/2025\/11\/WhatsApp-Image-2025-11-23-at-23.51.031.jpeg\" alt=\"\" class=\"wp-image-1359\" srcset=\"https:\/\/arc-bagnolet-belleville.fr\/wp-content\/uploads\/2025\/11\/WhatsApp-Image-2025-11-23-at-23.51.031.jpeg 622w, https:\/\/arc-bagnolet-belleville.fr\/wp-content\/uploads\/2025\/11\/WhatsApp-Image-2025-11-23-at-23.51.031-280x300.jpeg 280w\" sizes=\"auto, (max-width: 622px) 100vw, 622px\" \/><\/figure>\n\n\n\n<figure class=\"wp-block-image size-large\"><img loading=\"lazy\" decoding=\"async\" width=\"948\" height=\"1024\" data-id=\"1360\" src=\"https:\/\/arc-bagnolet-belleville.fr\/wp-content\/uploads\/2025\/11\/WhatsApp-Image-2025-11-23-at-23.51.03-948x1024.jpeg\" alt=\"\" class=\"wp-image-1360\" srcset=\"https:\/\/arc-bagnolet-belleville.fr\/wp-content\/uploads\/2025\/11\/WhatsApp-Image-2025-11-23-at-23.51.03-948x1024.jpeg 948w, https:\/\/arc-bagnolet-belleville.fr\/wp-content\/uploads\/2025\/11\/WhatsApp-Image-2025-11-23-at-23.51.03-278x300.jpeg 278w, https:\/\/arc-bagnolet-belleville.fr\/wp-content\/uploads\/2025\/11\/WhatsApp-Image-2025-11-23-at-23.51.03-768x830.jpeg 768w, https:\/\/arc-bagnolet-belleville.fr\/wp-content\/uploads\/2025\/11\/WhatsApp-Image-2025-11-23-at-23.51.03.jpeg 1196w\" sizes=\"auto, (max-width: 948px) 100vw, 948px\" \/><\/figure>\n<\/figure>\n<\/div><\/li><li class=\"listing-item\"><a class=\"title\" href=\"https:\/\/arc-bagnolet-belleville.fr\/index.php\/2025\/10\/20\/coupe-blm-2025\/\">Coupe BLM 2025<\/a><div class=\"content\">\n<div class=\"wp-block-media-text is-stacked-on-mobile\" style=\"grid-template-columns:41% auto\"><figure class=\"wp-block-media-text__media\"><img loading=\"lazy\" decoding=\"async\" width=\"971\" height=\"728\" src=\"https:\/\/arc-bagnolet-belleville.fr\/wp-content\/uploads\/2025\/10\/une-image-contenant-habits-personne-sourire-vis.jpeg\" alt=\"Une image contenant habits, personne, sourire, Visage humain Le contenu g\u00e9n\u00e9r\u00e9 par l\u2019IA peut \u00eatre incorrect.\" class=\"wp-image-1330 size-full\" srcset=\"https:\/\/arc-bagnolet-belleville.fr\/wp-content\/uploads\/2025\/10\/une-image-contenant-habits-personne-sourire-vis.jpeg 971w, https:\/\/arc-bagnolet-belleville.fr\/wp-content\/uploads\/2025\/10\/une-image-contenant-habits-personne-sourire-vis-300x225.jpeg 300w, https:\/\/arc-bagnolet-belleville.fr\/wp-content\/uploads\/2025\/10\/une-image-contenant-habits-personne-sourire-vis-768x576.jpeg 768w\" sizes=\"auto, (max-width: 971px) 100vw, 971px\" \/><\/figure><div class=\"wp-block-media-text__content\">\n<p>Dimanche 12 Octobre , la coupe BLM \u00e0 Aulnay r\u00e9unissait des \u00e9quipes compos\u00e9es de 2 arcs classiques et un arc \u00e0 poulies ou 3 arcs classiques. <\/p>\n\n\n\n<p>Beau temps, belle ambiance et beau r\u00e9sultat pour l\u2019\u00e9quipe de Bagnolet-Belleville qui termine 2<sup>\u00e8me<\/sup>.<\/p>\n<\/div><\/div>\n\n\n\n<p><\/p>\n\n\n\n<figure class=\"wp-block-gallery has-nested-images columns-default is-cropped wp-block-gallery-2 is-layout-flex wp-block-gallery-is-layout-flex\">\n<figure class=\"wp-block-image size-large\"><img loading=\"lazy\" decoding=\"async\" width=\"975\" height=\"731\" data-id=\"1331\" src=\"https:\/\/arc-bagnolet-belleville.fr\/wp-content\/uploads\/2025\/10\/une-image-contenant-habits-personne-homme-chaus.jpeg\" alt=\"Une image contenant habits, personne, homme, chaussures Le contenu g\u00e9n\u00e9r\u00e9 par l\u2019IA peut \u00eatre incorrect.\" class=\"wp-image-1331\" srcset=\"https:\/\/arc-bagnolet-belleville.fr\/wp-content\/uploads\/2025\/10\/une-image-contenant-habits-personne-homme-chaus.jpeg 975w, https:\/\/arc-bagnolet-belleville.fr\/wp-content\/uploads\/2025\/10\/une-image-contenant-habits-personne-homme-chaus-300x225.jpeg 300w, https:\/\/arc-bagnolet-belleville.fr\/wp-content\/uploads\/2025\/10\/une-image-contenant-habits-personne-homme-chaus-768x576.jpeg 768w\" sizes=\"auto, (max-width: 975px) 100vw, 975px\" \/><\/figure>\n\n\n\n<figure class=\"wp-block-image size-large\"><img loading=\"lazy\" decoding=\"async\" width=\"992\" height=\"744\" data-id=\"1332\" src=\"https:\/\/arc-bagnolet-belleville.fr\/wp-content\/uploads\/2025\/10\/une-image-contenant-personne-habits-sourire-cha.jpeg\" alt=\"Une image contenant personne, habits, sourire, chaussures Le contenu g\u00e9n\u00e9r\u00e9 par l\u2019IA peut \u00eatre incorrect.\" class=\"wp-image-1332\" srcset=\"https:\/\/arc-bagnolet-belleville.fr\/wp-content\/uploads\/2025\/10\/une-image-contenant-personne-habits-sourire-cha.jpeg 992w, https:\/\/arc-bagnolet-belleville.fr\/wp-content\/uploads\/2025\/10\/une-image-contenant-personne-habits-sourire-cha-300x225.jpeg 300w, https:\/\/arc-bagnolet-belleville.fr\/wp-content\/uploads\/2025\/10\/une-image-contenant-personne-habits-sourire-cha-768x576.jpeg 768w\" sizes=\"auto, (max-width: 992px) 100vw, 992px\" \/><\/figure>\n<\/figure>\n\n\n\n<p><\/p>\n\n\n\n<p><\/p>\n<\/div><\/li><\/ul>\n","protected":false},"excerpt":{"rendered":"<p>Championnat d\u00e9partemental 93 \u00e0 Aulnay-sous-Bois 27-28 janvier 2025 Championnat r\u00e9gional IdF en salle \u00e0 Fontainebleau 8-9 f\u00e9vrier 2025 Championnat d\u00e9partemental 93 Beursault 30 mars 2025 Championnat d\u00e9partemental 93 de TAEDI \u00e0 Pantin 30 mai 2025<\/p>\n","protected":false},"author":2,"featured_media":0,"parent":384,"menu_order":0,"comment_status":"closed","ping_status":"closed","template":"wp-custom-template-page-des-podiums","meta":{"_mc_calendar":[],"footnotes":""},"class_list":["post-1309","page","type-page","status-publish","hentry"],"_links":{"self":[{"href":"https:\/\/arc-bagnolet-belleville.fr\/index.php\/wp-json\/wp\/v2\/pages\/1309","targetHints":{"allow":["GET"]}}],"collection":[{"href":"https:\/\/arc-bagnolet-belleville.fr\/index.php\/wp-json\/wp\/v2\/pages"}],"about":[{"href":"https:\/\/arc-bagnolet-belleville.fr\/index.php\/wp-json\/wp\/v2\/types\/page"}],"author":[{"embeddable":true,"href":"https:\/\/arc-bagnolet-belleville.fr\/index.php\/wp-json\/wp\/v2\/users\/2"}],"replies":[{"embeddable":true,"href":"https:\/\/arc-bagnolet-belleville.fr\/index.php\/wp-json\/wp\/v2\/comments?post=1309"}],"version-history":[{"count":7,"href":"https:\/\/arc-bagnolet-belleville.fr\/index.php\/wp-json\/wp\/v2\/pages\/1309\/revisions"}],"predecessor-version":[{"id":1323,"href":"https:\/\/arc-bagnolet-belleville.fr\/index.php\/wp-json\/wp\/v2\/pages\/1309\/revisions\/1323"}],"up":[{"embeddable":true,"href":"https:\/\/arc-bagnolet-belleville.fr\/index.php\/wp-json\/wp\/v2\/pages\/384"}],"wp:attachment":[{"href":"https:\/\/arc-bagnolet-belleville.fr\/index.php\/wp-json\/wp\/v2\/media?parent=1309"}],"curies":[{"name":"wp","href":"https:\/\/api.w.org\/{rel}","templated":true}]}}