{"id":1006,"date":"2025-08-31T17:45:34","date_gmt":"2025-08-31T15:45:34","guid":{"rendered":"https:\/\/arc-bagnolet-belleville.fr\/?page_id=1006"},"modified":"2025-08-31T22:49:30","modified_gmt":"2025-08-31T20:49:30","slug":"editorial","status":"publish","type":"page","link":"https:\/\/arc-bagnolet-belleville.fr\/index.php\/editorial\/","title":{"rendered":"Editorial"},"content":{"rendered":"\n<h6 class=\"wp-block-heading\">\n  Cher(e)s adh\u00e9rent(e)s, cher(e)s ami(e)s,\n<\/h6>\n\n\n\n<p>\n  C\u2019est avec un immense plaisir que je vous adresse ces quelques mots au nom de toute l\u2019\u00e9quipe dirigeante de notre association sportive. Notre compagnie n\u2019est pas seulement un lieu d\u2019entra\u00eenement, c\u2019est avant tout une v\u00e9ritable famille o\u00f9 se conjuguent passion, esprit d\u2019\u00e9quipe et convivialit\u00e9.\n<\/p>\n\n\n\n<p>\n  Gr\u00e2ce \u00e0 l\u2019engagement de nos b\u00e9n\u00e9voles, \u00e0 l\u2019enthousiasme de nos licenci\u00e9s et au soutien de nos partenaires, nous continuons \u00e0 grandir et \u00e0 offrir \u00e0 chacun \u2013 jeunes ou moins jeunes, d\u00e9butants ou confirm\u00e9s \u2013 un cadre chaleureux pour pratiquer cette belle discipline qu\u2019est le tir \u00e0 l\u2019arc, progresser et partager des moments forts.\n<\/p>\n\n\n\n<p>\n  Chaque saison est l\u2019occasion de relever de nouveaux d\u00e9fis, de renforcer nos valeurs de respect, de solidarit\u00e9, de parit\u00e9, de d\u00e9velopper le tir \u00e0 l\u2019arc au f\u00e9minin et de porter haut les couleurs de notre compagnie. Que chacun y trouve plaisir, d\u00e9passement de soi et fiert\u00e9 d\u2019appartenir \u00e0 notre grande famille du tir \u00e0 l\u2019arc.\n<\/p>\n\n\n\n<p>\n  Je vous souhaite \u00e0 toutes et tous une excellente saison, riche en \u00e9motions et en r\u00e9ussites.\n<\/p>\n\n\n\n<p>\n  Sportivement,\n<\/p>\n\n\n\n<p>\n  Jocelyne MERINE\n<\/p>\n\n\n\n<p>\n  Pr\u00e9sidente de la Compagnie d\u2019Arc Bagnolet Belleville\n<\/p>\n\n\n\n<p class=\"has-text-align-right\"><a href=\"https:\/\/arc-bagnolet-belleville.fr\/index.php\/bienvenue-sur-le-site-de-notre-compagnie\/\" data-type=\"page\" data-id=\"948\">Retour \u00e0 la page d&rsquo;accueil<\/a><\/p>\n","protected":false},"excerpt":{"rendered":"<p>Cher(e)s adh\u00e9rent(e)s, cher(e)s ami(e)s, C\u2019est avec un immense plaisir que je vous adresse ces quelques mots au nom de toute l\u2019\u00e9quipe dirigeante de notre association sportive. Notre compagnie n\u2019est pas seulement un lieu d\u2019entra\u00eenement, c\u2019est avant tout une v\u00e9ritable famille o\u00f9 se conjuguent passion, esprit d\u2019\u00e9quipe et convivialit\u00e9. Gr\u00e2ce \u00e0 l\u2019engagement de nos b\u00e9n\u00e9voles, \u00e0 [&hellip;]<\/p>\n","protected":false},"author":2,"featured_media":0,"parent":0,"menu_order":0,"comment_status":"closed","ping_status":"closed","template":"page-nocomments","meta":{"_mc_calendar":[],"footnotes":""},"class_list":["post-1006","page","type-page","status-publish","hentry"],"_links":{"self":[{"href":"https:\/\/arc-bagnolet-belleville.fr\/index.php\/wp-json\/wp\/v2\/pages\/1006","targetHints":{"allow":["GET"]}}],"collection":[{"href":"https:\/\/arc-bagnolet-belleville.fr\/index.php\/wp-json\/wp\/v2\/pages"}],"about":[{"href":"https:\/\/arc-bagnolet-belleville.fr\/index.php\/wp-json\/wp\/v2\/types\/page"}],"author":[{"embeddable":true,"href":"https:\/\/arc-bagnolet-belleville.fr\/index.php\/wp-json\/wp\/v2\/users\/2"}],"replies":[{"embeddable":true,"href":"https:\/\/arc-bagnolet-belleville.fr\/index.php\/wp-json\/wp\/v2\/comments?post=1006"}],"version-history":[{"count":3,"href":"https:\/\/arc-bagnolet-belleville.fr\/index.php\/wp-json\/wp\/v2\/pages\/1006\/revisions"}],"predecessor-version":[{"id":1027,"href":"https:\/\/arc-bagnolet-belleville.fr\/index.php\/wp-json\/wp\/v2\/pages\/1006\/revisions\/1027"}],"wp:attachment":[{"href":"https:\/\/arc-bagnolet-belleville.fr\/index.php\/wp-json\/wp\/v2\/media?parent=1006"}],"curies":[{"name":"wp","href":"https:\/\/api.w.org\/{rel}","templated":true}]}}